{"id":942,"date":"2025-05-12T11:35:53","date_gmt":"2025-05-12T09:35:53","guid":{"rendered":"https:\/\/alticert.org\/?page_id=942"},"modified":"2025-10-08T20:53:39","modified_gmt":"2025-10-08T18:53:39","slug":"a-propos","status":"publish","type":"page","link":"https:\/\/alticert.org\/index.php\/a-propos\/","title":{"rendered":"A Propos"},"content":{"rendered":"\n<h2 class=\"wp-block-heading\">Qui sommes-nous ?<\/h2>\n\n\n\n<p>Alticert est un organisme, totalement ind\u00e9pendant, ne r\u00e9alisant que des prestations de certification, sans aucune autre activit\u00e9 de formation, ou de conseil.<\/p>\n\n\n\n<p>Alticert est anim\u00e9 par des professionnels exp\u00e9riment\u00e9s de plusieurs dizaines d\u2019ann\u00e9es dans le domaine de la certification, de l\u2019audit et de la formation et qui ont \u00e0 c\u0153ur de d\u00e9velopper des prestations pr\u00e9cises et adapt\u00e9es aux besoins de leurs clients. En particulier dans le domaine de la certification des organismes de formation professionnelle.<\/p>\n\n\n\n<p>Alticert a \u00e9t\u00e9 cr\u00e9\u00e9e apr\u00e8s 16 ans d\u2019expertise mutuelle des diff\u00e9rents associ\u00e9s de l\u2019organisme, pour mettre en commun tout leur savoir-faire en la mati\u00e8re.<\/p>\n\n\n\n<p>Toujours en s\u2019appuyant sur leurs valeurs fortes : l\u2019\u00e9coute, la proximit\u00e9, la simplicit\u00e9, la r\u00e9activit\u00e9 et la valorisation des clients via leur certification.<\/p>\n\n\n\n<p>De plus, Alticert, au travers de son Comit\u00e9 d\u2019\u00e9thique et de pr\u00e9servation de l\u2019impartialit\u00e9, a su s\u2019entourer de membres repr\u00e9sentatifs et v\u00e9ritables praticiens du monde de la formation et de l\u2019acquisition de comp\u00e9tences.<\/p>\n\n\n\n<h2 class=\"wp-block-heading\">Nos fondateurs<\/h2>\n\n\n\n<div class=\"wp-block-media-text is-stacked-on-mobile\" style=\"grid-template-columns:21% auto\"><figure class=\"wp-block-media-text__media\"><img fetchpriority=\"high\" decoding=\"async\" width=\"375\" height=\"375\" src=\"https:\/\/alticert.org\/wp-content\/uploads\/2021\/03\/1.jpg\" alt=\"\" class=\"wp-image-502 size-full\" srcset=\"https:\/\/alticert.org\/wp-content\/uploads\/2021\/03\/1.jpg 375w, https:\/\/alticert.org\/wp-content\/uploads\/2021\/03\/1-300x300.jpg 300w, https:\/\/alticert.org\/wp-content\/uploads\/2021\/03\/1-150x150.jpg 150w\" sizes=\"(max-width: 375px) 100vw, 375px\" \/><\/figure><div class=\"wp-block-media-text__content\">\n<p class=\"has-text-color\" style=\"color:#4b94cc\"><strong>Marc GEHLKOPF<\/strong><\/p>\n\n\n\n<p>Une exp\u00e9rience professionnelle de plusieurs dizaines d\u2019ann\u00e9e dans le domaine de la certification de syst\u00e8me et de produits-process ; une expertise acquise dans le domaine de la normalisation , de la conception et l\u2019animation de la formation professionnelle continue et le transfert de savoir.<\/p>\n<\/div><\/div>\n\n\n\n<div class=\"wp-block-media-text is-stacked-on-mobile\" style=\"grid-template-columns:21% auto\"><figure class=\"wp-block-media-text__media\"><img decoding=\"async\" width=\"300\" height=\"300\" src=\"https:\/\/alticert.org\/wp-content\/uploads\/2025\/10\/1photo-Sylvain.png\" alt=\"\" class=\"wp-image-1040 size-full\" srcset=\"https:\/\/alticert.org\/wp-content\/uploads\/2025\/10\/1photo-Sylvain.png 300w, https:\/\/alticert.org\/wp-content\/uploads\/2025\/10\/1photo-Sylvain-150x150.png 150w\" sizes=\"(max-width: 300px) 100vw, 300px\" \/><\/figure><div class=\"wp-block-media-text__content\">\n<p class=\"has-text-color has-link-color wp-elements-84b25d76426b8e41d808ee52d09d2740\" style=\"color:#4b94cc\"><strong>Sylvain LE JEUNE<\/strong><\/p>\n\n\n\n<p>18 ans d\u2019exp\u00e9rience industrielle, dans le groupe Danone, \u00e0 diff\u00e9rents postes d\u2019encadrement. A cr\u00e9e sa structure de conseil, d\u2019audit et de formation en 2004, Traits d\u2019Union \u2013 Conseil Sas. Auditeur en certification et conseil pour les syst\u00e8mes Qualit\u00e9 et S\u00e9curit\u00e9 des Aliments. Exp\u00e9rience de management et formation (M\u00e9thode Mager) et de pr\u00e9vention \/ gestion de crise, en coordination de sites.<\/p>\n<\/div><\/div>\n\n\n\n<div class=\"wp-block-media-text is-stacked-on-mobile\" style=\"grid-template-columns:21% auto\"><figure class=\"wp-block-media-text__media\"><img decoding=\"async\" width=\"375\" height=\"375\" src=\"https:\/\/alticert.org\/wp-content\/uploads\/2021\/03\/3.jpg\" alt=\"\" class=\"wp-image-504 size-full\" srcset=\"https:\/\/alticert.org\/wp-content\/uploads\/2021\/03\/3.jpg 375w, https:\/\/alticert.org\/wp-content\/uploads\/2021\/03\/3-300x300.jpg 300w, https:\/\/alticert.org\/wp-content\/uploads\/2021\/03\/3-150x150.jpg 150w\" sizes=\"(max-width: 375px) 100vw, 375px\" \/><\/figure><div class=\"wp-block-media-text__content\">\n<p class=\"has-text-color\" style=\"color:#4b94cc\"><strong>Jean-Fran\u00e7ois ROUSSEAU<\/strong><\/p>\n\n\n\n<p>Ing\u00e9nieur Polytech, sp\u00e9cialit\u00e9 industries agro-alimentaire. Apr\u00e8s plusieurs ann\u00e9es en recherche et d\u00e9veloppement, il oriente sa carri\u00e8re dans le conseil en organisation et management et intervient alors dans des secteurs vari\u00e9s (agro alimentaire, transport \/ logistique, s\u00fbret\u00e9, services, expert), pour des \u00e9tablissements priv\u00e9s et publics. Auditeur pour des organismes certificateurs depuis plus de 30 ann\u00e9es, il a particip\u00e9 \u00e0 l\u2019\u00e9laboration de r\u00e9f\u00e9rentiels internationaux.&nbsp;<\/p>\n<\/div><\/div>\n","protected":false},"excerpt":{"rendered":"<p>Qui sommes-nous ? Alticert est un organisme, totalement ind\u00e9pendant, ne r\u00e9alisant que des prestations de certification, sans aucune autre activit\u00e9 de formation, ou de conseil. Alticert est anim\u00e9 par des professionnels exp\u00e9riment\u00e9s de plusieurs dizaines d\u2019ann\u00e9es dans le domaine de la certification, de l\u2019audit et de la formation et qui ont \u00e0 c\u0153ur de d\u00e9velopper&hellip;&nbsp;<a href=\"https:\/\/alticert.org\/index.php\/a-propos\/\" rel=\"bookmark\">Lire la suite &raquo;<span class=\"screen-reader-text\">A Propos<\/span><\/a><\/p>\n","protected":false},"author":5,"featured_media":0,"parent":0,"menu_order":0,"comment_status":"closed","ping_status":"closed","template":"","meta":{"neve_meta_sidebar":"","neve_meta_container":"","neve_meta_enable_content_width":"","neve_meta_content_width":0,"neve_meta_title_alignment":"","neve_meta_author_avatar":"","neve_post_elements_order":"","neve_meta_disable_header":"","neve_meta_disable_footer":"","neve_meta_disable_title":"","footnotes":""},"class_list":["post-942","page","type-page","status-publish","hentry"],"yoast_head":"<!-- This site is optimized with the Yoast SEO plugin v27.3 - https:\/\/yoast.com\/product\/yoast-seo-wordpress\/ -->\n<title>A Propos -<\/title>\n<meta name=\"robots\" content=\"index, follow, max-snippet:-1, max-image-preview:large, max-video-preview:-1\" \/>\n<link rel=\"canonical\" href=\"https:\/\/alticert.org\/index.php\/a-propos\/\" \/>\n<meta property=\"og:locale\" content=\"fr_FR\" \/>\n<meta property=\"og:type\" content=\"article\" \/>\n<meta property=\"og:title\" content=\"A Propos -\" \/>\n<meta property=\"og:description\" content=\"Qui sommes-nous ? Alticert est un organisme, totalement ind\u00e9pendant, ne r\u00e9alisant que des prestations de certification, sans aucune autre activit\u00e9 de formation, ou de conseil. Alticert est anim\u00e9 par des professionnels exp\u00e9riment\u00e9s de plusieurs dizaines d\u2019ann\u00e9es dans le domaine de la certification, de l\u2019audit et de la formation et qui ont \u00e0 c\u0153ur de d\u00e9velopper&hellip;&nbsp;Lire la suite &raquo;A Propos\" \/>\n<meta property=\"og:url\" content=\"https:\/\/alticert.org\/index.php\/a-propos\/\" \/>\n<meta property=\"article:modified_time\" content=\"2025-10-08T18:53:39+00:00\" \/>\n<meta property=\"og:image\" content=\"https:\/\/alticert.org\/wp-content\/uploads\/2021\/03\/1.jpg\" \/>\n\t<meta property=\"og:image:width\" content=\"375\" \/>\n\t<meta property=\"og:image:height\" content=\"375\" \/>\n\t<meta property=\"og:image:type\" content=\"image\/jpeg\" \/>\n<meta name=\"twitter:card\" content=\"summary_large_image\" \/>\n<meta name=\"twitter:label1\" content=\"Dur\u00e9e de lecture estim\u00e9e\" \/>\n\t<meta name=\"twitter:data1\" content=\"3 minutes\" \/>\n<script type=\"application\/ld+json\" class=\"yoast-schema-graph\">{\"@context\":\"https:\\\/\\\/schema.org\",\"@graph\":[{\"@type\":\"WebPage\",\"@id\":\"https:\\\/\\\/alticert.org\\\/index.php\\\/a-propos\\\/\",\"url\":\"https:\\\/\\\/alticert.org\\\/index.php\\\/a-propos\\\/\",\"name\":\"A Propos -\",\"isPartOf\":{\"@id\":\"https:\\\/\\\/alticert.org\\\/#website\"},\"primaryImageOfPage\":{\"@id\":\"https:\\\/\\\/alticert.org\\\/index.php\\\/a-propos\\\/#primaryimage\"},\"image\":{\"@id\":\"https:\\\/\\\/alticert.org\\\/index.php\\\/a-propos\\\/#primaryimage\"},\"thumbnailUrl\":\"https:\\\/\\\/alticert.org\\\/wp-content\\\/uploads\\\/2021\\\/03\\\/1.jpg\",\"datePublished\":\"2025-05-12T09:35:53+00:00\",\"dateModified\":\"2025-10-08T18:53:39+00:00\",\"breadcrumb\":{\"@id\":\"https:\\\/\\\/alticert.org\\\/index.php\\\/a-propos\\\/#breadcrumb\"},\"inLanguage\":\"fr-FR\",\"potentialAction\":[{\"@type\":\"ReadAction\",\"target\":[\"https:\\\/\\\/alticert.org\\\/index.php\\\/a-propos\\\/\"]}]},{\"@type\":\"ImageObject\",\"inLanguage\":\"fr-FR\",\"@id\":\"https:\\\/\\\/alticert.org\\\/index.php\\\/a-propos\\\/#primaryimage\",\"url\":\"https:\\\/\\\/alticert.org\\\/wp-content\\\/uploads\\\/2021\\\/03\\\/1.jpg\",\"contentUrl\":\"https:\\\/\\\/alticert.org\\\/wp-content\\\/uploads\\\/2021\\\/03\\\/1.jpg\",\"width\":375,\"height\":375},{\"@type\":\"BreadcrumbList\",\"@id\":\"https:\\\/\\\/alticert.org\\\/index.php\\\/a-propos\\\/#breadcrumb\",\"itemListElement\":[{\"@type\":\"ListItem\",\"position\":1,\"name\":\"Accueil\",\"item\":\"https:\\\/\\\/alticert.org\\\/\"},{\"@type\":\"ListItem\",\"position\":2,\"name\":\"A Propos\"}]},{\"@type\":\"WebSite\",\"@id\":\"https:\\\/\\\/alticert.org\\\/#website\",\"url\":\"https:\\\/\\\/alticert.org\\\/\",\"name\":\"Alticert.org\",\"description\":\"Certification d&#039;organisme de formation\",\"publisher\":{\"@id\":\"https:\\\/\\\/alticert.org\\\/#organization\"},\"potentialAction\":[{\"@type\":\"SearchAction\",\"target\":{\"@type\":\"EntryPoint\",\"urlTemplate\":\"https:\\\/\\\/alticert.org\\\/?s={search_term_string}\"},\"query-input\":{\"@type\":\"PropertyValueSpecification\",\"valueRequired\":true,\"valueName\":\"search_term_string\"}}],\"inLanguage\":\"fr-FR\"},{\"@type\":\"Organization\",\"@id\":\"https:\\\/\\\/alticert.org\\\/#organization\",\"name\":\"Alticert\",\"url\":\"https:\\\/\\\/alticert.org\\\/\",\"logo\":{\"@type\":\"ImageObject\",\"inLanguage\":\"fr-FR\",\"@id\":\"https:\\\/\\\/alticert.org\\\/#\\\/schema\\\/logo\\\/image\\\/\",\"url\":\"https:\\\/\\\/alticert.org\\\/wp-content\\\/uploads\\\/2021\\\/03\\\/cropped-Logo_Alticert_icone-3.jpg\",\"contentUrl\":\"https:\\\/\\\/alticert.org\\\/wp-content\\\/uploads\\\/2021\\\/03\\\/cropped-Logo_Alticert_icone-3.jpg\",\"width\":512,\"height\":512,\"caption\":\"Alticert\"},\"image\":{\"@id\":\"https:\\\/\\\/alticert.org\\\/#\\\/schema\\\/logo\\\/image\\\/\"}}]}<\/script>\n<!-- \/ Yoast SEO plugin. -->","yoast_head_json":{"title":"A Propos -","robots":{"index":"index","follow":"follow","max-snippet":"max-snippet:-1","max-image-preview":"max-image-preview:large","max-video-preview":"max-video-preview:-1"},"canonical":"https:\/\/alticert.org\/index.php\/a-propos\/","og_locale":"fr_FR","og_type":"article","og_title":"A Propos -","og_description":"Qui sommes-nous ? Alticert est un organisme, totalement ind\u00e9pendant, ne r\u00e9alisant que des prestations de certification, sans aucune autre activit\u00e9 de formation, ou de conseil. Alticert est anim\u00e9 par des professionnels exp\u00e9riment\u00e9s de plusieurs dizaines d\u2019ann\u00e9es dans le domaine de la certification, de l\u2019audit et de la formation et qui ont \u00e0 c\u0153ur de d\u00e9velopper&hellip;&nbsp;Lire la suite &raquo;A Propos","og_url":"https:\/\/alticert.org\/index.php\/a-propos\/","article_modified_time":"2025-10-08T18:53:39+00:00","og_image":[{"width":375,"height":375,"url":"https:\/\/alticert.org\/wp-content\/uploads\/2021\/03\/1.jpg","type":"image\/jpeg"}],"twitter_card":"summary_large_image","twitter_misc":{"Dur\u00e9e de lecture estim\u00e9e":"3 minutes"},"schema":{"@context":"https:\/\/schema.org","@graph":[{"@type":"WebPage","@id":"https:\/\/alticert.org\/index.php\/a-propos\/","url":"https:\/\/alticert.org\/index.php\/a-propos\/","name":"A Propos -","isPartOf":{"@id":"https:\/\/alticert.org\/#website"},"primaryImageOfPage":{"@id":"https:\/\/alticert.org\/index.php\/a-propos\/#primaryimage"},"image":{"@id":"https:\/\/alticert.org\/index.php\/a-propos\/#primaryimage"},"thumbnailUrl":"https:\/\/alticert.org\/wp-content\/uploads\/2021\/03\/1.jpg","datePublished":"2025-05-12T09:35:53+00:00","dateModified":"2025-10-08T18:53:39+00:00","breadcrumb":{"@id":"https:\/\/alticert.org\/index.php\/a-propos\/#breadcrumb"},"inLanguage":"fr-FR","potentialAction":[{"@type":"ReadAction","target":["https:\/\/alticert.org\/index.php\/a-propos\/"]}]},{"@type":"ImageObject","inLanguage":"fr-FR","@id":"https:\/\/alticert.org\/index.php\/a-propos\/#primaryimage","url":"https:\/\/alticert.org\/wp-content\/uploads\/2021\/03\/1.jpg","contentUrl":"https:\/\/alticert.org\/wp-content\/uploads\/2021\/03\/1.jpg","width":375,"height":375},{"@type":"BreadcrumbList","@id":"https:\/\/alticert.org\/index.php\/a-propos\/#breadcrumb","itemListElement":[{"@type":"ListItem","position":1,"name":"Accueil","item":"https:\/\/alticert.org\/"},{"@type":"ListItem","position":2,"name":"A Propos"}]},{"@type":"WebSite","@id":"https:\/\/alticert.org\/#website","url":"https:\/\/alticert.org\/","name":"Alticert.org","description":"Certification d&#039;organisme de formation","publisher":{"@id":"https:\/\/alticert.org\/#organization"},"potentialAction":[{"@type":"SearchAction","target":{"@type":"EntryPoint","urlTemplate":"https:\/\/alticert.org\/?s={search_term_string}"},"query-input":{"@type":"PropertyValueSpecification","valueRequired":true,"valueName":"search_term_string"}}],"inLanguage":"fr-FR"},{"@type":"Organization","@id":"https:\/\/alticert.org\/#organization","name":"Alticert","url":"https:\/\/alticert.org\/","logo":{"@type":"ImageObject","inLanguage":"fr-FR","@id":"https:\/\/alticert.org\/#\/schema\/logo\/image\/","url":"https:\/\/alticert.org\/wp-content\/uploads\/2021\/03\/cropped-Logo_Alticert_icone-3.jpg","contentUrl":"https:\/\/alticert.org\/wp-content\/uploads\/2021\/03\/cropped-Logo_Alticert_icone-3.jpg","width":512,"height":512,"caption":"Alticert"},"image":{"@id":"https:\/\/alticert.org\/#\/schema\/logo\/image\/"}}]}},"_links":{"self":[{"href":"https:\/\/alticert.org\/index.php\/wp-json\/wp\/v2\/pages\/942","targetHints":{"allow":["GET"]}}],"collection":[{"href":"https:\/\/alticert.org\/index.php\/wp-json\/wp\/v2\/pages"}],"about":[{"href":"https:\/\/alticert.org\/index.php\/wp-json\/wp\/v2\/types\/page"}],"author":[{"embeddable":true,"href":"https:\/\/alticert.org\/index.php\/wp-json\/wp\/v2\/users\/5"}],"replies":[{"embeddable":true,"href":"https:\/\/alticert.org\/index.php\/wp-json\/wp\/v2\/comments?post=942"}],"version-history":[{"count":4,"href":"https:\/\/alticert.org\/index.php\/wp-json\/wp\/v2\/pages\/942\/revisions"}],"predecessor-version":[{"id":1042,"href":"https:\/\/alticert.org\/index.php\/wp-json\/wp\/v2\/pages\/942\/revisions\/1042"}],"wp:attachment":[{"href":"https:\/\/alticert.org\/index.php\/wp-json\/wp\/v2\/media?parent=942"}],"curies":[{"name":"wp","href":"https:\/\/api.w.org\/{rel}","templated":true}]}}