{"id":909,"date":"2024-01-14T14:17:02","date_gmt":"2024-01-14T13:17:02","guid":{"rendered":"https:\/\/alticert.org\/?page_id=909"},"modified":"2024-01-14T14:17:03","modified_gmt":"2024-01-14T13:17:03","slug":"tout-savoir-sur-vos-droits","status":"publish","type":"page","link":"https:\/\/alticert.org\/index.php\/tout-savoir-sur-vos-droits\/","title":{"rendered":"Tout savoir sur vos droits"},"content":{"rendered":"\n<p>En tant que personne concern\u00e9e par la collecte et le traitement de vos donn\u00e9es personnelles, vous avez des droits sur ces derni\u00e8res, comme le pr\u00e9voit le RGPD.<\/p>\n\n\n\n<p>Vous trouverez ci-dessous les droits dont vous disposez, ainsi qu&rsquo;un descriptif de chacun d&rsquo;eux. En fin de page, vous trouverez un formulaire de demande d&rsquo;exercice de droit, dans l&rsquo;\u00e9ventualit\u00e9 o\u00f9 vous souhaiteriez en faire la demande en ligne (un envoi de formulaire par demande).<\/p>\n\n\n\n<h3 class=\"wp-block-heading\" id=\"2-toc-title\">Droit d\u2019information (articles 12, 13 et 14 du RGPD)<\/h3>\n\n\n\n<p>Vous avez le droit d\u2019\u00eatre inform\u00e9 de mani\u00e8re claire et compr\u00e9hensible de l\u2019utilisation qui est ou sera faite de ses donn\u00e9es personnelles.<\/p>\n\n\n\n<p>Vous \u00eates en droit de connaitre les finalit\u00e9s et les modalit\u00e9s de traitement de ces donn\u00e9es par Alticert.<\/p>\n\n\n\n<h3 class=\"wp-block-heading\" id=\"3-toc-title\">Droit d\u2019acc\u00e8s (article 15 du RGPD)<\/h3>\n\n\n\n<p>Vous pouvez demander de vous indiquer si des donn\u00e9es personnelles vous concernant sont d\u00e9tenues par Alticert, voire de vous les fournir, le cas \u00e9ch\u00e9ant.<\/p>\n\n\n\n<h3 class=\"wp-block-heading\" id=\"4-toc-title\">Droit de rectification (articles 16 et 19 du RGPD)<\/h3>\n\n\n\n<p>Vous pouvez demander \u00e0 ce que vos donn\u00e9es personnelles soient corrig\u00e9es, compl\u00e9t\u00e9es, mises \u00e0 jour ou supprim\u00e9es, notamment en cas d\u2019erreur ou inexactitude constat\u00e9e dans ces donn\u00e9es, ou dans le cas o\u00f9 des donn\u00e9es seraient pr\u00e9sentes alors que leur collecte, utilisation ou conservation serait proscrite.<\/p>\n\n\n\n<h3 class=\"wp-block-heading\" id=\"5-toc-title\">Droit \u00e0 l\u2019effacement, Droit \u00e0 l\u2019oubli (article 17 du RGPD)<\/h3>\n\n\n\n<p>Vous disposez d\u2019un droit d\u2019obtention de l\u2019effacement de vos donn\u00e9es personnelles d\u00e9tenues par Alticert, dans les meilleurs d\u00e9lais, notamment si :<\/p>\n\n\n\n<ul class=\"wp-block-list\">\n<li>vos donn\u00e9es personnelles ne sont plus n\u00e9cessaires au traitement pour lequel elles ont \u00e9t\u00e9 collect\u00e9es,<\/li>\n\n\n\n<li>le traitement n\u2019est pas licite,<\/li>\n\n\n\n<li>vous retirez son consentement pour les traitements dont le consentement est la base l\u00e9gale<\/li>\n\n\n\n<li>vous avez une raison l\u00e9gale de demander l\u2019exercice de ce droit<\/li>\n<\/ul>\n\n\n\n<p>ATTENTION : Le droit \u00e0 l\u2019effacement ou \u00e0 l\u2019oubli ne peut pas s\u2019appliquer dans certains cas, notamment dans le cas<\/p>\n\n\n\n<ul class=\"wp-block-list\">\n<li>du droit \u00e0 la libert\u00e9 d\u2019expression<\/li>\n\n\n\n<li>d&rsquo;une obligation l\u00e9gale<\/li>\n\n\n\n<li>d&rsquo;un int\u00e9r\u00eat public<\/li>\n\n\n\n<li>d&rsquo;exercice de la justice<\/li>\n<\/ul>\n\n\n\n<h3 class=\"wp-block-heading\" id=\"6-toc-title\">Droit \u00e0 la limitation du traitement (articles 18 et 19 du RGPD)<\/h3>\n\n\n\n<p>Vous pouvez demander \u00e0 ce que le traitement fait de vos donn\u00e9es personnelles soit suspendu pour une dur\u00e9e convenue avec Alticert, notamment en cas de suspicion dans l\u2019exactitude des donn\u00e9es, le temps d\u2019effectuer les v\u00e9rifications n\u00e9cessaire.<\/p>\n\n\n\n<p>L\u2019organisme doit vous informer que la limitation de l\u2019utilisation de vos donn\u00e9es est bien effective. &nbsp;<\/p>\n\n\n\n<p>ATTENTION : D\u00e8s lors que l\u2019utilisation de vos donn\u00e9es a \u00e9t\u00e9 \u00ab\u00a0gel\u00e9e \u00bb, celles-ci ne peuvent \u00eatre utilis\u00e9es que dans les cas suivants\u00a0:<\/p>\n\n\n\n<ul class=\"wp-block-list\">\n<li>vous avez donn\u00e9 votre accord<\/li>\n\n\n\n<li>pour la constatation, l&rsquo;exercice ou la d\u00e9fense de droits en justice<\/li>\n\n\n\n<li>pour la protection des droits d&rsquo;une autre personne physique ou morale<\/li>\n\n\n\n<li>pour des motifs importants d&rsquo;int\u00e9r\u00eat public de l&rsquo;Union ou d&rsquo;un \u00c9tat membre<\/li>\n<\/ul>\n\n\n\n<h3 class=\"wp-block-heading\" id=\"7-toc-title\">Droit \u00e0 l\u2019opposition du traitement (article 21 du RGPD)<\/h3>\n\n\n\n<p>Vous pouvez vous opposer \u00e0 un traitement, \u00e0 tout moment, pour des motifs r\u00e9sultants d&rsquo;une situation particuli\u00e8re. Dans le cas de prospection commerciale, aucune justification ne pourra vous \u00eatre demand\u00e9e.<\/p>\n\n\n\n<p>Le droit d\u2019opposition n\u2019est pas un droit \u00e0 la suppression simple et d\u00e9finitive de toutes vos donn\u00e9es ou du compte qui vous est rattach\u00e9. Par exemple, seule une rupture de contrat permet la suppression d\u2019un compte client chez Alticert.<\/p>\n\n\n\n<p>ATTENTION : Si votre demande d\u2019opposition ne concerne pas la prospection, Alticert pourra justifier son refus au motif que\u00a0:<\/p>\n\n\n\n<ul class=\"wp-block-list\">\n<li>il existe des motifs l\u00e9gitimes et imp\u00e9rieux \u00e0 traiter les donn\u00e9es ou que celles-ci sont n\u00e9cessaires \u00e0 la constatation, exercice ou d\u00e9fense de droits en justice<\/li>\n\n\n\n<li>vous avez consenti au traitement de vos donn\u00e9es personnelles. Vous devez alors retirer ce\u00a0consentement\u00a0et non vous opposer<\/li>\n\n\n\n<li>vous \u00eates li\u00e9 \u00e0 Alticert par un contrat<\/li>\n\n\n\n<li>une obligation l\u00e9gale impose Alticert de traiter vos donn\u00e9es personnelles<\/li>\n<\/ul>\n\n\n\n<h3 class=\"wp-block-heading\" id=\"8-toc-title\">Droit \u00e0 la portabilit\u00e9 des donn\u00e9es (article 20 du RGPD)<\/h3>\n\n\n\n<p>Vous pouvez demander \u00e0 Alticert la restitution de ses donn\u00e9es personnelles, ainsi que leur transfert \u00e0 un autre Responsable de traitement, sans qu\u2019Alticert puisse s\u2019y opposer. C&rsquo;est notamment ce qu&rsquo;il se passe automatiquement si vous effectuez une demande de transfert de certification.<\/p>\n\n\n\n<p>Ce droit s\u2019applique pour les traitements bas\u00e9s sur le consentement ou l\u2019ex\u00e9cution d\u2019un contrat.<\/p>\n\n\n\n<h3 class=\"wp-block-heading\" id=\"9-toc-title\">Droit de ne pas \u00eatre soumis \u00e0 une d\u00e9cision individuelle automatis\u00e9e et au profilage (article 22 du RGPD)<\/h3>\n\n\n\n<p>Vous avez le droit de ne pas faire l\u2019objet d\u2019une d\u00e9cision prise sans intervention humaine si cette derni\u00e8re produit des effets juridiques vous concernant ou vous exclue d\u2019un contrat.<\/p>\n\n\n\n<p>Alticert n&rsquo;effectuant aucune d\u00e9cision individuelle automatis\u00e9e ni aucun profilage, l&rsquo;exercice de ce droit ne pourra donc pas \u00eatre demand\u00e9 ici.<\/p>\n\n\n\n<h2 class=\"wp-block-heading\" id=\"10-toc-title\">Dispositifs d\u2019exercice des droits<\/h2>\n\n\n\n<h3 class=\"wp-block-heading\" id=\"11-toc-title\">Comment effectuer la demande<\/h3>\n\n\n\n<p>Vous pouvez exercer vos droits en effectuant une demande \u00e0 Alticert par les biais suivants :<\/p>\n\n\n\n<ul class=\"wp-block-list\">\n<li>Demande \u00e9crite par email \u00e0 dpo@alticert.org<\/li>\n\n\n\n<li>Demande \u00e9crite par courrier (6 Boulevard des Belges \u2013 69006 LYON \u2013 France)<\/li>\n\n\n\n<li>Directement aupr\u00e8s d\u2019un des associ\u00e9s d\u2019Alticert<\/li>\n\n\n\n<li>En remplissant le formulaire ci-dessous<\/li>\n<\/ul>\n\n\n\n<p>La demande doit pr\u00e9ciser :<\/p>\n\n\n\n<ul class=\"wp-block-list\">\n<li>L\u2019identit\u00e9 de la personne concern\u00e9e<\/li>\n\n\n\n<li>Une justification que la demande est effectu\u00e9e par la personne concern\u00e9e (ex : SIRET, r\u00e9f\u00e9rence client, coordonn\u00e9es utilis\u00e9es pour la communication avec Alticert).<\/li>\n\n\n\n<li>L\u2019exercice du droit demand\u00e9<\/li>\n\n\n\n<li>Le cas \u00e9ch\u00e9ant, le motif de la demande (\u00e0 saisir dans la zone \u00ab\u00a0Message\u00a0\u00bb du formulaire en ligne)<\/li>\n<\/ul>\n\n\n\n<p>Un justificatif d\u2019identit\u00e9 officiel (passeport, CNI) pourra vous \u00eatre demand\u00e9 en cas de doute av\u00e9r\u00e9 sur l\u2019identit\u00e9 du demandeur. Cette demande restera exceptionnelle et ne sera faite par le DPO qu&rsquo;en cas de doute raisonnable sur votre identit\u00e9 (ex : homonymes).<\/p>\n\n\n\n<h3 class=\"wp-block-heading\" id=\"12-toc-title\">D\u00e9lai<\/h3>\n\n\n\n<p>Alticert dispose d\u2019un d\u00e9lai d\u20191 mois pour r\u00e9pondre \u00e0 votre demande d\u2019exercice de droit. Ce d\u00e9lai peut \u00eatre rallong\u00e9 \u00e0 3 mois dans le cas de demande complexe, sous r\u00e9serve de vous en avoir averti avant le 1er d\u00e9lai d\u2019un mois.<\/p>\n\n\n\n<h2 class=\"wp-block-heading\" id=\"13-toc-title\">Droit de d\u00e9poser une plainte \u00e0 la CNIL<\/h2>\n\n\n\n<p>Si Alticert ne r\u00e9pond pas favorablement \u00e0 votre demande de droit, vous pourrez, apr\u00e8s un d\u00e9lai d\u2019un mois, d\u00e9poser une plainte \u00e0 la CNIL au motif du nom respect de l\u2019exercice de vos droits (sous r\u00e9serve qu&rsquo;aucun motif valable ne justifie le refus d&rsquo;exercice du droit concern\u00e9 et\/ou qu&rsquo;Alticert ne vous ai donn\u00e9 aucune r\u00e9ponse dans le d\u00e9lai de 1 mois).<\/p>\n\n\n\n<p>Lien vers le formulaire de d\u00e9p\u00f4t de plainte : <a href=\"https:\/\/www.cnil.fr\/fr\/plaintes\" target=\"_blank\" rel=\"noreferrer noopener\">https:\/\/www.cnil.fr\/fr\/plaintes<\/a><\/p>\n\n\n\n<h2 class=\"wp-block-heading\">Formulaire en ligne de demande d&rsquo;exercice de droit<\/h2>\n\n\n<div class=\"frm_forms  with_frm_style frm_style_style-formidable\" id=\"frm_form_4_container\" data-token=\"6ef50095abec0ba6561b453e4d7e051e\">\n<form enctype=\"multipart\/form-data\" method=\"post\" class=\"frm-show-form \" id=\"form_demande-dexercice-de-droit\" data-token=\"6ef50095abec0ba6561b453e4d7e051e\">\n<div class=\"frm_form_fields \">\n<fieldset>\n<legend class=\"frm_screen_reader\">Demande d&rsquo;exercice de droit<\/legend>\r\n\r\n<div class=\"frm_fields_container\">\n<input type=\"hidden\" name=\"frm_action\" value=\"create\" \/>\n<input type=\"hidden\" name=\"form_id\" value=\"4\" \/>\n<input type=\"hidden\" name=\"frm_hide_fields_4\" id=\"frm_hide_fields_4\" value=\"\" \/>\n<input type=\"hidden\" name=\"form_key\" value=\"demande-dexercice-de-droit\" \/>\n<input type=\"hidden\" name=\"item_meta[0]\" value=\"\" \/>\n<input type=\"hidden\" id=\"frm_submit_entry_4\" name=\"frm_submit_entry_4\" value=\"0077615689\" \/><input type=\"hidden\" name=\"_wp_http_referer\" value=\"\/index.php\/wp-json\/wp\/v2\/pages\/909\" \/><div id=\"frm_field_67_container\" class=\"frm_form_field form-field  frm_required_field frm_top_container frm4 frm_first\">\r\n    <label for=\"field_qh4icy2\" id=\"field_qh4icy2_label\" class=\"frm_primary_label\">Votre nom\r\n        <span class=\"frm_required\" aria-hidden=\"true\">*<\/span>\r\n    <\/label>\r\n    <input type=\"text\" id=\"field_qh4icy2\" name=\"item_meta[67]\" value=\"\"  data-reqmsg=\"Ce champ ne peut pas \u00eatre vide\" aria-required=\"true\" data-invmsg=\"Name est non valide\" aria-invalid=\"false\"  \/>\r\n    \r\n    \r\n<\/div>\n<div id=\"frm_field_68_container\" class=\"frm_form_field form-field  frm_required_field frm_top_container frm4\">\r\n    <label for=\"field_ocfup12\" id=\"field_ocfup12_label\" class=\"frm_primary_label\">Votre pr\u00e9nom\r\n        <span class=\"frm_required\" aria-hidden=\"true\">*<\/span>\r\n    <\/label>\r\n    <input type=\"text\" id=\"field_ocfup12\" name=\"item_meta[68]\" value=\"\"  data-reqmsg=\"Ce champ ne peut pas \u00eatre vide\" aria-required=\"true\" data-invmsg=\"Last est non valide\" aria-invalid=\"false\"  \/>\r\n    \r\n    \r\n<\/div>\n<div id=\"frm_field_73_container\" class=\"frm_form_field form-field  frm_required_field frm_top_container frm4\">\r\n    <label for=\"field_ecmbg\" id=\"field_ecmbg_label\" class=\"frm_primary_label\">Votre SIRET\r\n        <span class=\"frm_required\" aria-hidden=\"true\">*<\/span>\r\n    <\/label>\r\n    <input type=\"text\" id=\"field_ecmbg\" name=\"item_meta[73]\" value=\"\"  maxlength=\"14\" data-reqmsg=\"Ce champ ne peut pas \u00eatre vide\" aria-required=\"true\" data-invmsg=\"texte est non valide\" aria-invalid=\"false\"   aria-describedby=\"frm_desc_field_ecmbg\"\/>\r\n    <div class=\"frm_description\" id=\"frm_desc_field_ecmbg\">SIRET concern\u00e9 par la demande. Si vous ne le connaissez pas, merci d&rsquo;inscrire 14 \u00ab\u00a00\u00a0\u00bb<\/div>\r\n    \r\n<\/div>\n<div id=\"frm_field_69_container\" class=\"frm_form_field form-field  frm_required_field frm_top_container frm_full\">\r\n    <label for=\"field_29yf4d2\" id=\"field_29yf4d2_label\" class=\"frm_primary_label\">Email\r\n        <span class=\"frm_required\" aria-hidden=\"true\">*<\/span>\r\n    <\/label>\r\n    <input type=\"email\" id=\"field_29yf4d2\" name=\"item_meta[69]\" value=\"\"  data-reqmsg=\"Ce champ ne peut pas \u00eatre vide\" aria-required=\"true\" data-invmsg=\"Please enter a valid email address\" aria-invalid=\"false\"  \/>\r\n    \r\n    \r\n<\/div>\n<div id=\"frm_field_72_container\" class=\"frm_form_field form-field  frm_required_field frm_top_container\">\r\n    <label for=\"field_3fgf2\" id=\"field_3fgf2_label\" class=\"frm_primary_label\">Votre demande concerne votre :\r\n        <span class=\"frm_required\" aria-hidden=\"true\">*<\/span>\r\n    <\/label>\r\n    \t\t<select name=\"item_meta[72]\" id=\"field_3fgf2\"  data-reqmsg=\"Ce champ ne peut pas \u00eatre vide\" aria-required=\"true\" data-invmsg=\"Votre demande concerne votre : est non valide\" aria-invalid=\"false\"  >\n\t\t<option  value=\"Droit d&#039;information\">Droit d&#039;information<\/option><option  value=\"Droit d&#039;acc\u00e8s\">Droit d&#039;acc\u00e8s<\/option><option  value=\"Droit de rectification\">Droit de rectification<\/option><option  value=\"Droit \u00e0 l&#039;effacement \/ \u00e0 l&#039;oubli\">Droit \u00e0 l&#039;effacement \/ \u00e0 l&#039;oubli<\/option><option  value=\"Droit \u00e0 la limitation du traitement\">Droit \u00e0 la limitation du traitement<\/option><option  value=\"Droit \u00e0 l&#039;opposition du traitement\">Droit \u00e0 l&#039;opposition du traitement<\/option><option  value=\"Droit \u00e0 la portabilit\u00e9 des donn\u00e9es\">Droit \u00e0 la portabilit\u00e9 des donn\u00e9es<\/option>\t<\/select>\n\t\r\n    \r\n    \r\n<\/div>\n<div id=\"frm_field_71_container\" class=\"frm_form_field form-field  frm_top_container frm_full\">\r\n    <label for=\"field_9jv0r12\" id=\"field_9jv0r12_label\" class=\"frm_primary_label\">Message\r\n        <span class=\"frm_required\" aria-hidden=\"true\"><\/span>\r\n    <\/label>\r\n    <textarea name=\"item_meta[71]\" id=\"field_9jv0r12\" rows=\"5\"  data-invmsg=\"Message est non valide\" aria-invalid=\"false\"  ><\/textarea>\r\n    \r\n    \r\n<\/div>\n<div id=\"frm_field_77_container\" class=\"frm_form_field form-field \">\n\t<div class=\"frm_submit\">\r\n\r\n<button class=\"frm_button_submit\" type=\"submit\"  >Envoyer<\/button>\r\n\r\n<\/div>\n<\/div>\n\t<input type=\"hidden\" name=\"item_key\" value=\"\" \/>\n\t\t\t<div id=\"frm_field_79_container\">\n\t\t\t<label for=\"field_ylff8\" >\n\t\t\t\tSi vous \u00eates un humain, ne remplissez pas ce champ.\t\t\t<\/label>\n\t\t\t<input  id=\"field_ylff8\" type=\"text\" class=\"frm_form_field form-field frm_verify\" name=\"item_meta[79]\" value=\"\"  \/>\n\t\t<\/div>\n\t\t<input name=\"frm_state\" type=\"hidden\" value=\"f7kpjCPG8rvQCKgbHQkRdpKnLtUIIc1UeSCS+j7lRO4=\" \/><\/div>\n<\/fieldset>\n<\/div>\n\n<p style=\"display: none !important;\" class=\"akismet-fields-container\" data-prefix=\"ak_\"><label>&#916;<textarea name=\"ak_hp_textarea\" cols=\"45\" rows=\"8\" maxlength=\"100\"><\/textarea><\/label><input type=\"hidden\" id=\"ak_js_1\" name=\"ak_js\" value=\"182\"\/><script>document.getElementById( \"ak_js_1\" ).setAttribute( \"value\", ( new Date() ).getTime() );<\/script><\/p><\/form>\n<\/div>\n","protected":false},"excerpt":{"rendered":"<p>En tant que personne concern\u00e9e par la collecte et le traitement de vos donn\u00e9es personnelles, vous avez des droits sur ces derni\u00e8res, comme le pr\u00e9voit le RGPD. Vous trouverez ci-dessous les droits dont vous disposez, ainsi qu&rsquo;un descriptif de chacun d&rsquo;eux. En fin de page, vous trouverez un formulaire de demande d&rsquo;exercice de droit, dans&hellip;&nbsp;<a href=\"https:\/\/alticert.org\/index.php\/tout-savoir-sur-vos-droits\/\" rel=\"bookmark\">Lire la suite &raquo;<span class=\"screen-reader-text\">Tout savoir sur vos droits<\/span><\/a><\/p>\n","protected":false},"author":5,"featured_media":0,"parent":0,"menu_order":0,"comment_status":"closed","ping_status":"closed","template":"","meta":{"neve_meta_sidebar":"","neve_meta_container":"","neve_meta_enable_content_width":"","neve_meta_content_width":0,"neve_meta_title_alignment":"","neve_meta_author_avatar":"","neve_post_elements_order":"","neve_meta_disable_header":"","neve_meta_disable_footer":"","neve_meta_disable_title":"","footnotes":""},"class_list":["post-909","page","type-page","status-publish","hentry"],"yoast_head":"<!-- This site is optimized with the Yoast SEO plugin v27.3 - https:\/\/yoast.com\/product\/yoast-seo-wordpress\/ -->\n<title>Tout savoir sur vos droits -<\/title>\n<meta name=\"robots\" content=\"index, follow, max-snippet:-1, max-image-preview:large, max-video-preview:-1\" \/>\n<link rel=\"canonical\" href=\"https:\/\/alticert.org\/index.php\/tout-savoir-sur-vos-droits\/\" \/>\n<meta property=\"og:locale\" content=\"fr_FR\" \/>\n<meta property=\"og:type\" content=\"article\" \/>\n<meta property=\"og:title\" content=\"Tout savoir sur vos droits -\" \/>\n<meta property=\"og:description\" content=\"En tant que personne concern\u00e9e par la collecte et le traitement de vos donn\u00e9es personnelles, vous avez des droits sur ces derni\u00e8res, comme le pr\u00e9voit le RGPD. Vous trouverez ci-dessous les droits dont vous disposez, ainsi qu&rsquo;un descriptif de chacun d&rsquo;eux. En fin de page, vous trouverez un formulaire de demande d&rsquo;exercice de droit, dans&hellip;&nbsp;Lire la suite &raquo;Tout savoir sur vos droits\" \/>\n<meta property=\"og:url\" content=\"https:\/\/alticert.org\/index.php\/tout-savoir-sur-vos-droits\/\" \/>\n<meta property=\"article:modified_time\" content=\"2024-01-14T13:17:03+00:00\" \/>\n<meta name=\"twitter:card\" content=\"summary_large_image\" \/>\n<meta name=\"twitter:label1\" content=\"Dur\u00e9e de lecture estim\u00e9e\" \/>\n\t<meta name=\"twitter:data1\" content=\"6 minutes\" \/>\n<script type=\"application\/ld+json\" class=\"yoast-schema-graph\">{\"@context\":\"https:\\\/\\\/schema.org\",\"@graph\":[{\"@type\":\"WebPage\",\"@id\":\"https:\\\/\\\/alticert.org\\\/index.php\\\/tout-savoir-sur-vos-droits\\\/\",\"url\":\"https:\\\/\\\/alticert.org\\\/index.php\\\/tout-savoir-sur-vos-droits\\\/\",\"name\":\"Tout savoir sur vos droits -\",\"isPartOf\":{\"@id\":\"https:\\\/\\\/alticert.org\\\/#website\"},\"datePublished\":\"2024-01-14T13:17:02+00:00\",\"dateModified\":\"2024-01-14T13:17:03+00:00\",\"breadcrumb\":{\"@id\":\"https:\\\/\\\/alticert.org\\\/index.php\\\/tout-savoir-sur-vos-droits\\\/#breadcrumb\"},\"inLanguage\":\"fr-FR\",\"potentialAction\":[{\"@type\":\"ReadAction\",\"target\":[\"https:\\\/\\\/alticert.org\\\/index.php\\\/tout-savoir-sur-vos-droits\\\/\"]}]},{\"@type\":\"BreadcrumbList\",\"@id\":\"https:\\\/\\\/alticert.org\\\/index.php\\\/tout-savoir-sur-vos-droits\\\/#breadcrumb\",\"itemListElement\":[{\"@type\":\"ListItem\",\"position\":1,\"name\":\"Accueil\",\"item\":\"https:\\\/\\\/alticert.org\\\/\"},{\"@type\":\"ListItem\",\"position\":2,\"name\":\"Tout savoir sur vos droits\"}]},{\"@type\":\"WebSite\",\"@id\":\"https:\\\/\\\/alticert.org\\\/#website\",\"url\":\"https:\\\/\\\/alticert.org\\\/\",\"name\":\"Alticert.org\",\"description\":\"Certification d&#039;organisme de formation\",\"publisher\":{\"@id\":\"https:\\\/\\\/alticert.org\\\/#organization\"},\"potentialAction\":[{\"@type\":\"SearchAction\",\"target\":{\"@type\":\"EntryPoint\",\"urlTemplate\":\"https:\\\/\\\/alticert.org\\\/?s={search_term_string}\"},\"query-input\":{\"@type\":\"PropertyValueSpecification\",\"valueRequired\":true,\"valueName\":\"search_term_string\"}}],\"inLanguage\":\"fr-FR\"},{\"@type\":\"Organization\",\"@id\":\"https:\\\/\\\/alticert.org\\\/#organization\",\"name\":\"Alticert\",\"url\":\"https:\\\/\\\/alticert.org\\\/\",\"logo\":{\"@type\":\"ImageObject\",\"inLanguage\":\"fr-FR\",\"@id\":\"https:\\\/\\\/alticert.org\\\/#\\\/schema\\\/logo\\\/image\\\/\",\"url\":\"https:\\\/\\\/alticert.org\\\/wp-content\\\/uploads\\\/2021\\\/03\\\/cropped-Logo_Alticert_icone-3.jpg\",\"contentUrl\":\"https:\\\/\\\/alticert.org\\\/wp-content\\\/uploads\\\/2021\\\/03\\\/cropped-Logo_Alticert_icone-3.jpg\",\"width\":512,\"height\":512,\"caption\":\"Alticert\"},\"image\":{\"@id\":\"https:\\\/\\\/alticert.org\\\/#\\\/schema\\\/logo\\\/image\\\/\"}}]}<\/script>\n<!-- \/ Yoast SEO plugin. -->","yoast_head_json":{"title":"Tout savoir sur vos droits -","robots":{"index":"index","follow":"follow","max-snippet":"max-snippet:-1","max-image-preview":"max-image-preview:large","max-video-preview":"max-video-preview:-1"},"canonical":"https:\/\/alticert.org\/index.php\/tout-savoir-sur-vos-droits\/","og_locale":"fr_FR","og_type":"article","og_title":"Tout savoir sur vos droits -","og_description":"En tant que personne concern\u00e9e par la collecte et le traitement de vos donn\u00e9es personnelles, vous avez des droits sur ces derni\u00e8res, comme le pr\u00e9voit le RGPD. Vous trouverez ci-dessous les droits dont vous disposez, ainsi qu&rsquo;un descriptif de chacun d&rsquo;eux. En fin de page, vous trouverez un formulaire de demande d&rsquo;exercice de droit, dans&hellip;&nbsp;Lire la suite &raquo;Tout savoir sur vos droits","og_url":"https:\/\/alticert.org\/index.php\/tout-savoir-sur-vos-droits\/","article_modified_time":"2024-01-14T13:17:03+00:00","twitter_card":"summary_large_image","twitter_misc":{"Dur\u00e9e de lecture estim\u00e9e":"6 minutes"},"schema":{"@context":"https:\/\/schema.org","@graph":[{"@type":"WebPage","@id":"https:\/\/alticert.org\/index.php\/tout-savoir-sur-vos-droits\/","url":"https:\/\/alticert.org\/index.php\/tout-savoir-sur-vos-droits\/","name":"Tout savoir sur vos droits -","isPartOf":{"@id":"https:\/\/alticert.org\/#website"},"datePublished":"2024-01-14T13:17:02+00:00","dateModified":"2024-01-14T13:17:03+00:00","breadcrumb":{"@id":"https:\/\/alticert.org\/index.php\/tout-savoir-sur-vos-droits\/#breadcrumb"},"inLanguage":"fr-FR","potentialAction":[{"@type":"ReadAction","target":["https:\/\/alticert.org\/index.php\/tout-savoir-sur-vos-droits\/"]}]},{"@type":"BreadcrumbList","@id":"https:\/\/alticert.org\/index.php\/tout-savoir-sur-vos-droits\/#breadcrumb","itemListElement":[{"@type":"ListItem","position":1,"name":"Accueil","item":"https:\/\/alticert.org\/"},{"@type":"ListItem","position":2,"name":"Tout savoir sur vos droits"}]},{"@type":"WebSite","@id":"https:\/\/alticert.org\/#website","url":"https:\/\/alticert.org\/","name":"Alticert.org","description":"Certification d&#039;organisme de formation","publisher":{"@id":"https:\/\/alticert.org\/#organization"},"potentialAction":[{"@type":"SearchAction","target":{"@type":"EntryPoint","urlTemplate":"https:\/\/alticert.org\/?s={search_term_string}"},"query-input":{"@type":"PropertyValueSpecification","valueRequired":true,"valueName":"search_term_string"}}],"inLanguage":"fr-FR"},{"@type":"Organization","@id":"https:\/\/alticert.org\/#organization","name":"Alticert","url":"https:\/\/alticert.org\/","logo":{"@type":"ImageObject","inLanguage":"fr-FR","@id":"https:\/\/alticert.org\/#\/schema\/logo\/image\/","url":"https:\/\/alticert.org\/wp-content\/uploads\/2021\/03\/cropped-Logo_Alticert_icone-3.jpg","contentUrl":"https:\/\/alticert.org\/wp-content\/uploads\/2021\/03\/cropped-Logo_Alticert_icone-3.jpg","width":512,"height":512,"caption":"Alticert"},"image":{"@id":"https:\/\/alticert.org\/#\/schema\/logo\/image\/"}}]}},"_links":{"self":[{"href":"https:\/\/alticert.org\/index.php\/wp-json\/wp\/v2\/pages\/909","targetHints":{"allow":["GET"]}}],"collection":[{"href":"https:\/\/alticert.org\/index.php\/wp-json\/wp\/v2\/pages"}],"about":[{"href":"https:\/\/alticert.org\/index.php\/wp-json\/wp\/v2\/types\/page"}],"author":[{"embeddable":true,"href":"https:\/\/alticert.org\/index.php\/wp-json\/wp\/v2\/users\/5"}],"replies":[{"embeddable":true,"href":"https:\/\/alticert.org\/index.php\/wp-json\/wp\/v2\/comments?post=909"}],"version-history":[{"count":2,"href":"https:\/\/alticert.org\/index.php\/wp-json\/wp\/v2\/pages\/909\/revisions"}],"predecessor-version":[{"id":911,"href":"https:\/\/alticert.org\/index.php\/wp-json\/wp\/v2\/pages\/909\/revisions\/911"}],"wp:attachment":[{"href":"https:\/\/alticert.org\/index.php\/wp-json\/wp\/v2\/media?parent=909"}],"curies":[{"name":"wp","href":"https:\/\/api.w.org\/{rel}","templated":true}]}}