{"id":746,"date":"2022-08-12T20:07:26","date_gmt":"2022-08-12T18:07:26","guid":{"rendered":"https:\/\/alticert.org\/?page_id=746"},"modified":"2025-08-11T15:06:00","modified_gmt":"2025-08-11T13:06:00","slug":"politique-de-cookies","status":"publish","type":"page","link":"https:\/\/alticert.org\/index.php\/politique-de-cookies\/","title":{"rendered":"Politique de cookies"},"content":{"rendered":"\n<p>Ce site Internet a \u00e9t\u00e9 con\u00e7u pour ne d\u00e9poser aucun cookies. En tant que R\u00e9f\u00e9rente en Protection des donn\u00e9es pour la soci\u00e9t\u00e9 Alticert, ceci me semblait naturel.<\/p>\n\n\n\n<p>Si vous constatez, malgr\u00e9 tout le soin qui a \u00e9t\u00e9 apport\u00e9 \u00e0 prot\u00e9ger votre vie priv\u00e9e, qu\u2019un cookie est d\u00e9pos\u00e9 sur votre navigateur lors de votre visite sur ce site, merci de m\u2019indiquer le nom du cookie en question dans un e-mail \u00e0 dpo@alticert.org dont l\u2019objet sera : pr\u00e9sence d\u2019un cookie depuis le site Alticert ou en cliquant sur\u00a0<a href=\"mailto:dpo@alticert.org?subject=Pr%C3%A9sence%20d%27un%20cookie%20depuis%20le%20site%20Alticert&amp;body=Bonjour%2C%0A%0ALe%20cookie%20portant%20le%20nom%20(indiquer%20ici%20le%20nom%20du%20cookie)%20a%20%C3%A9t%C3%A9%20d%C3%A9pos%C3%A9%20depuis%20le%20site%20Alticert%0A%0AMerci%20d%27en%20prendre%20compte%20et%20de%20faire%20le%20n%C3%A9cessaire.%0A%0ABien%20cordialement%2C%0A(Votre%20nom)\">ce lien<\/a>\u00a0(en modifiant les informations n\u00e9cessaires).<\/p>\n\n\n\n<p>Merci \u00e0 vous pour votre confiance,<\/p>\n\n\n\n<p>Caroline LAMBERT<\/p>\n\n\n\n<p><\/p>\n","protected":false},"excerpt":{"rendered":"<p>Ce site Internet a \u00e9t\u00e9 con\u00e7u pour ne d\u00e9poser aucun cookies. En tant que R\u00e9f\u00e9rente en Protection des donn\u00e9es pour la soci\u00e9t\u00e9 Alticert, ceci me semblait naturel. Si vous constatez, malgr\u00e9 tout le soin qui a \u00e9t\u00e9 apport\u00e9 \u00e0 prot\u00e9ger votre vie priv\u00e9e, qu\u2019un cookie est d\u00e9pos\u00e9 sur votre navigateur lors de votre visite sur&hellip;&nbsp;<a href=\"https:\/\/alticert.org\/index.php\/politique-de-cookies\/\" rel=\"bookmark\">Lire la suite &raquo;<span class=\"screen-reader-text\">Politique de cookies<\/span><\/a><\/p>\n","protected":false},"author":5,"featured_media":0,"parent":0,"menu_order":0,"comment_status":"closed","ping_status":"closed","template":"","meta":{"neve_meta_sidebar":"full-width","neve_meta_container":"","neve_meta_enable_content_width":"on","neve_meta_content_width":100,"neve_meta_title_alignment":"","neve_meta_author_avatar":"","neve_post_elements_order":"","neve_meta_disable_header":"","neve_meta_disable_footer":"","neve_meta_disable_title":"","footnotes":""},"class_list":["post-746","page","type-page","status-publish","hentry"],"yoast_head":"<!-- This site is optimized with the Yoast SEO plugin v27.3 - https:\/\/yoast.com\/product\/yoast-seo-wordpress\/ -->\n<title>Politique de cookies -<\/title>\n<meta name=\"robots\" content=\"index, follow, max-snippet:-1, max-image-preview:large, max-video-preview:-1\" \/>\n<link rel=\"canonical\" href=\"https:\/\/alticert.org\/index.php\/politique-de-cookies\/\" \/>\n<meta property=\"og:locale\" content=\"fr_FR\" \/>\n<meta property=\"og:type\" content=\"article\" \/>\n<meta property=\"og:title\" content=\"Politique de cookies -\" \/>\n<meta property=\"og:description\" content=\"Ce site Internet a \u00e9t\u00e9 con\u00e7u pour ne d\u00e9poser aucun cookies. En tant que R\u00e9f\u00e9rente en Protection des donn\u00e9es pour la soci\u00e9t\u00e9 Alticert, ceci me semblait naturel. Si vous constatez, malgr\u00e9 tout le soin qui a \u00e9t\u00e9 apport\u00e9 \u00e0 prot\u00e9ger votre vie priv\u00e9e, qu\u2019un cookie est d\u00e9pos\u00e9 sur votre navigateur lors de votre visite sur&hellip;&nbsp;Lire la suite &raquo;Politique de cookies\" \/>\n<meta property=\"og:url\" content=\"https:\/\/alticert.org\/index.php\/politique-de-cookies\/\" \/>\n<meta property=\"article:modified_time\" content=\"2025-08-11T13:06:00+00:00\" \/>\n<meta name=\"twitter:card\" content=\"summary_large_image\" \/>\n<meta name=\"twitter:label1\" content=\"Dur\u00e9e de lecture estim\u00e9e\" \/>\n\t<meta name=\"twitter:data1\" content=\"1 minute\" \/>\n<script type=\"application\/ld+json\" class=\"yoast-schema-graph\">{\"@context\":\"https:\\\/\\\/schema.org\",\"@graph\":[{\"@type\":\"WebPage\",\"@id\":\"https:\\\/\\\/alticert.org\\\/index.php\\\/politique-de-cookies\\\/\",\"url\":\"https:\\\/\\\/alticert.org\\\/index.php\\\/politique-de-cookies\\\/\",\"name\":\"Politique de cookies -\",\"isPartOf\":{\"@id\":\"https:\\\/\\\/alticert.org\\\/#website\"},\"datePublished\":\"2022-08-12T18:07:26+00:00\",\"dateModified\":\"2025-08-11T13:06:00+00:00\",\"breadcrumb\":{\"@id\":\"https:\\\/\\\/alticert.org\\\/index.php\\\/politique-de-cookies\\\/#breadcrumb\"},\"inLanguage\":\"fr-FR\",\"potentialAction\":[{\"@type\":\"ReadAction\",\"target\":[\"https:\\\/\\\/alticert.org\\\/index.php\\\/politique-de-cookies\\\/\"]}]},{\"@type\":\"BreadcrumbList\",\"@id\":\"https:\\\/\\\/alticert.org\\\/index.php\\\/politique-de-cookies\\\/#breadcrumb\",\"itemListElement\":[{\"@type\":\"ListItem\",\"position\":1,\"name\":\"Accueil\",\"item\":\"https:\\\/\\\/alticert.org\\\/\"},{\"@type\":\"ListItem\",\"position\":2,\"name\":\"Politique de cookies\"}]},{\"@type\":\"WebSite\",\"@id\":\"https:\\\/\\\/alticert.org\\\/#website\",\"url\":\"https:\\\/\\\/alticert.org\\\/\",\"name\":\"Alticert.org\",\"description\":\"Certification d&#039;organisme de formation\",\"publisher\":{\"@id\":\"https:\\\/\\\/alticert.org\\\/#organization\"},\"potentialAction\":[{\"@type\":\"SearchAction\",\"target\":{\"@type\":\"EntryPoint\",\"urlTemplate\":\"https:\\\/\\\/alticert.org\\\/?s={search_term_string}\"},\"query-input\":{\"@type\":\"PropertyValueSpecification\",\"valueRequired\":true,\"valueName\":\"search_term_string\"}}],\"inLanguage\":\"fr-FR\"},{\"@type\":\"Organization\",\"@id\":\"https:\\\/\\\/alticert.org\\\/#organization\",\"name\":\"Alticert\",\"url\":\"https:\\\/\\\/alticert.org\\\/\",\"logo\":{\"@type\":\"ImageObject\",\"inLanguage\":\"fr-FR\",\"@id\":\"https:\\\/\\\/alticert.org\\\/#\\\/schema\\\/logo\\\/image\\\/\",\"url\":\"https:\\\/\\\/alticert.org\\\/wp-content\\\/uploads\\\/2021\\\/03\\\/cropped-Logo_Alticert_icone-3.jpg\",\"contentUrl\":\"https:\\\/\\\/alticert.org\\\/wp-content\\\/uploads\\\/2021\\\/03\\\/cropped-Logo_Alticert_icone-3.jpg\",\"width\":512,\"height\":512,\"caption\":\"Alticert\"},\"image\":{\"@id\":\"https:\\\/\\\/alticert.org\\\/#\\\/schema\\\/logo\\\/image\\\/\"}}]}<\/script>\n<!-- \/ Yoast SEO plugin. -->","yoast_head_json":{"title":"Politique de cookies -","robots":{"index":"index","follow":"follow","max-snippet":"max-snippet:-1","max-image-preview":"max-image-preview:large","max-video-preview":"max-video-preview:-1"},"canonical":"https:\/\/alticert.org\/index.php\/politique-de-cookies\/","og_locale":"fr_FR","og_type":"article","og_title":"Politique de cookies -","og_description":"Ce site Internet a \u00e9t\u00e9 con\u00e7u pour ne d\u00e9poser aucun cookies. En tant que R\u00e9f\u00e9rente en Protection des donn\u00e9es pour la soci\u00e9t\u00e9 Alticert, ceci me semblait naturel. Si vous constatez, malgr\u00e9 tout le soin qui a \u00e9t\u00e9 apport\u00e9 \u00e0 prot\u00e9ger votre vie priv\u00e9e, qu\u2019un cookie est d\u00e9pos\u00e9 sur votre navigateur lors de votre visite sur&hellip;&nbsp;Lire la suite &raquo;Politique de cookies","og_url":"https:\/\/alticert.org\/index.php\/politique-de-cookies\/","article_modified_time":"2025-08-11T13:06:00+00:00","twitter_card":"summary_large_image","twitter_misc":{"Dur\u00e9e de lecture estim\u00e9e":"1 minute"},"schema":{"@context":"https:\/\/schema.org","@graph":[{"@type":"WebPage","@id":"https:\/\/alticert.org\/index.php\/politique-de-cookies\/","url":"https:\/\/alticert.org\/index.php\/politique-de-cookies\/","name":"Politique de cookies -","isPartOf":{"@id":"https:\/\/alticert.org\/#website"},"datePublished":"2022-08-12T18:07:26+00:00","dateModified":"2025-08-11T13:06:00+00:00","breadcrumb":{"@id":"https:\/\/alticert.org\/index.php\/politique-de-cookies\/#breadcrumb"},"inLanguage":"fr-FR","potentialAction":[{"@type":"ReadAction","target":["https:\/\/alticert.org\/index.php\/politique-de-cookies\/"]}]},{"@type":"BreadcrumbList","@id":"https:\/\/alticert.org\/index.php\/politique-de-cookies\/#breadcrumb","itemListElement":[{"@type":"ListItem","position":1,"name":"Accueil","item":"https:\/\/alticert.org\/"},{"@type":"ListItem","position":2,"name":"Politique de cookies"}]},{"@type":"WebSite","@id":"https:\/\/alticert.org\/#website","url":"https:\/\/alticert.org\/","name":"Alticert.org","description":"Certification d&#039;organisme de formation","publisher":{"@id":"https:\/\/alticert.org\/#organization"},"potentialAction":[{"@type":"SearchAction","target":{"@type":"EntryPoint","urlTemplate":"https:\/\/alticert.org\/?s={search_term_string}"},"query-input":{"@type":"PropertyValueSpecification","valueRequired":true,"valueName":"search_term_string"}}],"inLanguage":"fr-FR"},{"@type":"Organization","@id":"https:\/\/alticert.org\/#organization","name":"Alticert","url":"https:\/\/alticert.org\/","logo":{"@type":"ImageObject","inLanguage":"fr-FR","@id":"https:\/\/alticert.org\/#\/schema\/logo\/image\/","url":"https:\/\/alticert.org\/wp-content\/uploads\/2021\/03\/cropped-Logo_Alticert_icone-3.jpg","contentUrl":"https:\/\/alticert.org\/wp-content\/uploads\/2021\/03\/cropped-Logo_Alticert_icone-3.jpg","width":512,"height":512,"caption":"Alticert"},"image":{"@id":"https:\/\/alticert.org\/#\/schema\/logo\/image\/"}}]}},"_links":{"self":[{"href":"https:\/\/alticert.org\/index.php\/wp-json\/wp\/v2\/pages\/746","targetHints":{"allow":["GET"]}}],"collection":[{"href":"https:\/\/alticert.org\/index.php\/wp-json\/wp\/v2\/pages"}],"about":[{"href":"https:\/\/alticert.org\/index.php\/wp-json\/wp\/v2\/types\/page"}],"author":[{"embeddable":true,"href":"https:\/\/alticert.org\/index.php\/wp-json\/wp\/v2\/users\/5"}],"replies":[{"embeddable":true,"href":"https:\/\/alticert.org\/index.php\/wp-json\/wp\/v2\/comments?post=746"}],"version-history":[{"count":3,"href":"https:\/\/alticert.org\/index.php\/wp-json\/wp\/v2\/pages\/746\/revisions"}],"predecessor-version":[{"id":1017,"href":"https:\/\/alticert.org\/index.php\/wp-json\/wp\/v2\/pages\/746\/revisions\/1017"}],"wp:attachment":[{"href":"https:\/\/alticert.org\/index.php\/wp-json\/wp\/v2\/media?parent=746"}],"curies":[{"name":"wp","href":"https:\/\/api.w.org\/{rel}","templated":true}]}}