{"id":28,"date":"2021-02-27T11:42:46","date_gmt":"2021-02-27T10:42:46","guid":{"rendered":"https:\/\/alticert.org\/?page_id=28"},"modified":"2025-10-24T10:19:24","modified_gmt":"2025-10-24T08:19:24","slug":"contact","status":"publish","type":"page","link":"https:\/\/alticert.org\/index.php\/contact\/","title":{"rendered":"Contact"},"content":{"rendered":"\t\t<div data-elementor-type=\"wp-page\" data-elementor-id=\"28\" class=\"elementor elementor-28\">\n\t\t\t\t\t\t<section class=\"elementor-section elementor-top-section elementor-element elementor-element-7a46496 elementor-section-full_width elementor-section-stretched elementor-section-height-default elementor-section-height-default\" data-id=\"7a46496\" data-element_type=\"section\" data-e-type=\"section\" data-settings=\"{&quot;stretch_section&quot;:&quot;section-stretched&quot;,&quot;background_background&quot;:&quot;classic&quot;}\">\n\t\t\t\t\t\t\t<div class=\"elementor-background-overlay\"><\/div>\n\t\t\t\t\t\t\t<div class=\"elementor-container elementor-column-gap-default\">\n\t\t\t\t\t<div class=\"elementor-column elementor-col-100 elementor-top-column elementor-element elementor-element-46a835a\" data-id=\"46a835a\" data-element_type=\"column\" data-e-type=\"column\">\n\t\t\t<div class=\"elementor-widget-wrap elementor-element-populated\">\n\t\t\t\t\t\t<div class=\"elementor-element elementor-element-d5050fb elementor-widget elementor-widget-spacer\" data-id=\"d5050fb\" data-element_type=\"widget\" data-e-type=\"widget\" data-widget_type=\"spacer.default\">\n\t\t\t\t<div class=\"elementor-widget-container\">\n\t\t\t\t\t\t\t<div class=\"elementor-spacer\">\n\t\t\t<div class=\"elementor-spacer-inner\"><\/div>\n\t\t<\/div>\n\t\t\t\t\t\t<\/div>\n\t\t\t\t<\/div>\n\t\t\t\t<div class=\"elementor-element elementor-element-30c8ed6 elementor-widget elementor-widget-heading\" data-id=\"30c8ed6\" data-element_type=\"widget\" data-e-type=\"widget\" data-widget_type=\"heading.default\">\n\t\t\t\t<div class=\"elementor-widget-container\">\n\t\t\t\t\t<h3 class=\"elementor-heading-title elementor-size-default\">Organisme de formation, vous souhaitez contacter Alticert ?<br><br>Votre contact :<\/h3>\t\t\t\t<\/div>\n\t\t\t\t<\/div>\n\t\t\t\t<div class=\"elementor-element elementor-element-8cc0043 elementor-widget elementor-widget-spacer\" data-id=\"8cc0043\" data-element_type=\"widget\" data-e-type=\"widget\" data-widget_type=\"spacer.default\">\n\t\t\t\t<div class=\"elementor-widget-container\">\n\t\t\t\t\t\t\t<div class=\"elementor-spacer\">\n\t\t\t<div class=\"elementor-spacer-inner\"><\/div>\n\t\t<\/div>\n\t\t\t\t\t\t<\/div>\n\t\t\t\t<\/div>\n\t\t\t\t<div class=\"elementor-element elementor-element-000c8b7 elementor-widget elementor-widget-heading\" data-id=\"000c8b7\" data-element_type=\"widget\" data-e-type=\"widget\" data-widget_type=\"heading.default\">\n\t\t\t\t<div class=\"elementor-widget-container\">\n\t\t\t\t\t<h3 class=\"elementor-heading-title elementor-size-default\">Priscille SAIGNOL<br><br>+33 6 33 70 71 98<br>priscille.saignol@alticert.org<\/h3>\t\t\t\t<\/div>\n\t\t\t\t<\/div>\n\t\t\t\t<div class=\"elementor-element elementor-element-1d40772 elementor-widget elementor-widget-spacer\" data-id=\"1d40772\" data-element_type=\"widget\" data-e-type=\"widget\" data-widget_type=\"spacer.default\">\n\t\t\t\t<div class=\"elementor-widget-container\">\n\t\t\t\t\t\t\t<div class=\"elementor-spacer\">\n\t\t\t<div class=\"elementor-spacer-inner\"><\/div>\n\t\t<\/div>\n\t\t\t\t\t\t<\/div>\n\t\t\t\t<\/div>\n\t\t\t\t<div class=\"elementor-element elementor-element-fe060e8 elementor-widget elementor-widget-text-editor\" data-id=\"fe060e8\" data-element_type=\"widget\" data-e-type=\"widget\" data-widget_type=\"text-editor.default\">\n\t\t\t\t<div class=\"elementor-widget-container\">\n\t\t\t\t\t\t\t\t\t<p><span style=\"text-align: left;\">Nous pourrons r\u00e9pondre \u00e0 vos questions, vous expliquer plus largement notre d\u00e9marche, ou vous proposer un plan de certification adapt\u00e9.<\/span><\/p><p><strong>Vous souhaitez v\u00e9rifier la validit\u00e9 d\u2019un de nos certificats ? vous pouvez en faire la demande \u00e0 :<\/strong><\/p><p><strong>contact-alticert.certification@orange.fr, en pr\u00e9cisant le nom de l\u2019organisme certifi\u00e9, son num\u00e9ro de SIREN, son num\u00e9ro NDA qui figure dessus, le num\u00e9ro du certificat, et sa date de fin de validit\u00e9<\/strong><\/p>\t\t\t\t\t\t\t\t<\/div>\n\t\t\t\t<\/div>\n\t\t\t\t<div class=\"elementor-element elementor-element-5a7841b elementor-widget elementor-widget-text-editor\" data-id=\"5a7841b\" data-element_type=\"widget\" data-e-type=\"widget\" data-widget_type=\"text-editor.default\">\n\t\t\t\t<div class=\"elementor-widget-container\">\n\t\t\t\t\t\t\t\t\t<p>B\u00e9n\u00e9ficiaire, Organisme prescripteur , vous constatez une anomalie, un manquement, \u00a0vous \u00eates insatisfait d\u2019un organisme de formation certifi\u00e9 par Alticert ?<\/p><p><b>Faites nous en part \u00e0 cette adresse :<\/b><\/p><h4 style=\"font-size: var(--h4fontsize); font-weight: var(--h4fontweight); font-family: var(--headingsfontfamily),var(--nv-fallback-ff); line-height: var(--h4lineheight); letter-spacing: normal; text-transform: none; color: #7a7a7a;\"><span style=\"font-size: 20pt; font-family: Arial, sans-serif; color: #1f497d;\"><a style=\"--linkdeco: underline;\" href=\"mailto:signalement-plainte@alticert.org\">signalement-plainte@alticert.org<\/a><\/span><\/h4><div>\u00a0<\/div><div><span style=\"color: #7a7a7a; font-family: Helvetica, sans-serif; font-size: 20px; text-align: left;\">Nous analyserons les informations re\u00e7ues , et d\u00e9ciderons alors des actions pertinentes.<\/span><\/div>\t\t\t\t\t\t\t\t<\/div>\n\t\t\t\t<\/div>\n\t\t\t\t<div class=\"elementor-element elementor-element-165aa24 elementor-widget elementor-widget-spacer\" data-id=\"165aa24\" data-element_type=\"widget\" data-e-type=\"widget\" data-widget_type=\"spacer.default\">\n\t\t\t\t<div class=\"elementor-widget-container\">\n\t\t\t\t\t\t\t<div class=\"elementor-spacer\">\n\t\t\t<div class=\"elementor-spacer-inner\"><\/div>\n\t\t<\/div>\n\t\t\t\t\t\t<\/div>\n\t\t\t\t<\/div>\n\t\t\t\t\t<\/div>\n\t\t<\/div>\n\t\t\t\t\t<\/div>\n\t\t<\/section>\n\t\t\t\t<\/div>\n\t\t","protected":false},"excerpt":{"rendered":"<p>Organisme de formation, vous souhaitez contacter Alticert ? Votre contact : Priscille SAIGNOL +33 6 33 70 71 98priscille.saignol@alticert.org Nous pourrons r\u00e9pondre \u00e0 vos questions, vous expliquer plus largement notre d\u00e9marche, ou vous proposer un plan de certification adapt\u00e9. Vous souhaitez v\u00e9rifier la validit\u00e9 d\u2019un de nos certificats ? vous pouvez en faire la demande&hellip;&nbsp;<a href=\"https:\/\/alticert.org\/index.php\/contact\/\" rel=\"bookmark\">Lire la suite &raquo;<span class=\"screen-reader-text\">Contact<\/span><\/a><\/p>\n","protected":false},"author":2,"featured_media":0,"parent":0,"menu_order":0,"comment_status":"closed","ping_status":"closed","template":"","meta":{"neve_meta_sidebar":"","neve_meta_container":"","neve_meta_enable_content_width":"","neve_meta_content_width":0,"neve_meta_title_alignment":"","neve_meta_author_avatar":"","neve_post_elements_order":"","neve_meta_disable_header":"","neve_meta_disable_footer":"","neve_meta_disable_title":"","footnotes":""},"class_list":["post-28","page","type-page","status-publish","hentry"],"yoast_head":"<!-- This site is optimized with the Yoast SEO plugin v27.3 - https:\/\/yoast.com\/product\/yoast-seo-wordpress\/ -->\n<title>Contact -<\/title>\n<meta name=\"robots\" content=\"index, follow, max-snippet:-1, max-image-preview:large, max-video-preview:-1\" \/>\n<link rel=\"canonical\" href=\"https:\/\/alticert.org\/index.php\/contact\/\" \/>\n<meta property=\"og:locale\" content=\"fr_FR\" \/>\n<meta property=\"og:type\" content=\"article\" \/>\n<meta property=\"og:title\" content=\"Contact -\" \/>\n<meta property=\"og:description\" content=\"Organisme de formation, vous souhaitez contacter Alticert ? Votre contact : Priscille SAIGNOL +33 6 33 70 71 98priscille.saignol@alticert.org Nous pourrons r\u00e9pondre \u00e0 vos questions, vous expliquer plus largement notre d\u00e9marche, ou vous proposer un plan de certification adapt\u00e9. Vous souhaitez v\u00e9rifier la validit\u00e9 d\u2019un de nos certificats ? vous pouvez en faire la demande&hellip;&nbsp;Lire la suite &raquo;Contact\" \/>\n<meta property=\"og:url\" content=\"https:\/\/alticert.org\/index.php\/contact\/\" \/>\n<meta property=\"article:modified_time\" content=\"2025-10-24T08:19:24+00:00\" \/>\n<meta name=\"twitter:card\" content=\"summary_large_image\" \/>\n<meta name=\"twitter:label1\" content=\"Dur\u00e9e de lecture estim\u00e9e\" \/>\n\t<meta name=\"twitter:data1\" content=\"1 minute\" \/>\n<script type=\"application\/ld+json\" class=\"yoast-schema-graph\">{\"@context\":\"https:\\\/\\\/schema.org\",\"@graph\":[{\"@type\":\"WebPage\",\"@id\":\"https:\\\/\\\/alticert.org\\\/index.php\\\/contact\\\/\",\"url\":\"https:\\\/\\\/alticert.org\\\/index.php\\\/contact\\\/\",\"name\":\"Contact -\",\"isPartOf\":{\"@id\":\"https:\\\/\\\/alticert.org\\\/#website\"},\"datePublished\":\"2021-02-27T10:42:46+00:00\",\"dateModified\":\"2025-10-24T08:19:24+00:00\",\"breadcrumb\":{\"@id\":\"https:\\\/\\\/alticert.org\\\/index.php\\\/contact\\\/#breadcrumb\"},\"inLanguage\":\"fr-FR\",\"potentialAction\":[{\"@type\":\"ReadAction\",\"target\":[\"https:\\\/\\\/alticert.org\\\/index.php\\\/contact\\\/\"]}]},{\"@type\":\"BreadcrumbList\",\"@id\":\"https:\\\/\\\/alticert.org\\\/index.php\\\/contact\\\/#breadcrumb\",\"itemListElement\":[{\"@type\":\"ListItem\",\"position\":1,\"name\":\"Accueil\",\"item\":\"https:\\\/\\\/alticert.org\\\/\"},{\"@type\":\"ListItem\",\"position\":2,\"name\":\"Contact\"}]},{\"@type\":\"WebSite\",\"@id\":\"https:\\\/\\\/alticert.org\\\/#website\",\"url\":\"https:\\\/\\\/alticert.org\\\/\",\"name\":\"Alticert.org\",\"description\":\"Certification d&#039;organisme de formation\",\"publisher\":{\"@id\":\"https:\\\/\\\/alticert.org\\\/#organization\"},\"potentialAction\":[{\"@type\":\"SearchAction\",\"target\":{\"@type\":\"EntryPoint\",\"urlTemplate\":\"https:\\\/\\\/alticert.org\\\/?s={search_term_string}\"},\"query-input\":{\"@type\":\"PropertyValueSpecification\",\"valueRequired\":true,\"valueName\":\"search_term_string\"}}],\"inLanguage\":\"fr-FR\"},{\"@type\":\"Organization\",\"@id\":\"https:\\\/\\\/alticert.org\\\/#organization\",\"name\":\"Alticert\",\"url\":\"https:\\\/\\\/alticert.org\\\/\",\"logo\":{\"@type\":\"ImageObject\",\"inLanguage\":\"fr-FR\",\"@id\":\"https:\\\/\\\/alticert.org\\\/#\\\/schema\\\/logo\\\/image\\\/\",\"url\":\"https:\\\/\\\/alticert.org\\\/wp-content\\\/uploads\\\/2021\\\/03\\\/cropped-Logo_Alticert_icone-3.jpg\",\"contentUrl\":\"https:\\\/\\\/alticert.org\\\/wp-content\\\/uploads\\\/2021\\\/03\\\/cropped-Logo_Alticert_icone-3.jpg\",\"width\":512,\"height\":512,\"caption\":\"Alticert\"},\"image\":{\"@id\":\"https:\\\/\\\/alticert.org\\\/#\\\/schema\\\/logo\\\/image\\\/\"}}]}<\/script>\n<!-- \/ Yoast SEO plugin. -->","yoast_head_json":{"title":"Contact -","robots":{"index":"index","follow":"follow","max-snippet":"max-snippet:-1","max-image-preview":"max-image-preview:large","max-video-preview":"max-video-preview:-1"},"canonical":"https:\/\/alticert.org\/index.php\/contact\/","og_locale":"fr_FR","og_type":"article","og_title":"Contact -","og_description":"Organisme de formation, vous souhaitez contacter Alticert ? Votre contact : Priscille SAIGNOL +33 6 33 70 71 98priscille.saignol@alticert.org Nous pourrons r\u00e9pondre \u00e0 vos questions, vous expliquer plus largement notre d\u00e9marche, ou vous proposer un plan de certification adapt\u00e9. Vous souhaitez v\u00e9rifier la validit\u00e9 d\u2019un de nos certificats ? vous pouvez en faire la demande&hellip;&nbsp;Lire la suite &raquo;Contact","og_url":"https:\/\/alticert.org\/index.php\/contact\/","article_modified_time":"2025-10-24T08:19:24+00:00","twitter_card":"summary_large_image","twitter_misc":{"Dur\u00e9e de lecture estim\u00e9e":"1 minute"},"schema":{"@context":"https:\/\/schema.org","@graph":[{"@type":"WebPage","@id":"https:\/\/alticert.org\/index.php\/contact\/","url":"https:\/\/alticert.org\/index.php\/contact\/","name":"Contact -","isPartOf":{"@id":"https:\/\/alticert.org\/#website"},"datePublished":"2021-02-27T10:42:46+00:00","dateModified":"2025-10-24T08:19:24+00:00","breadcrumb":{"@id":"https:\/\/alticert.org\/index.php\/contact\/#breadcrumb"},"inLanguage":"fr-FR","potentialAction":[{"@type":"ReadAction","target":["https:\/\/alticert.org\/index.php\/contact\/"]}]},{"@type":"BreadcrumbList","@id":"https:\/\/alticert.org\/index.php\/contact\/#breadcrumb","itemListElement":[{"@type":"ListItem","position":1,"name":"Accueil","item":"https:\/\/alticert.org\/"},{"@type":"ListItem","position":2,"name":"Contact"}]},{"@type":"WebSite","@id":"https:\/\/alticert.org\/#website","url":"https:\/\/alticert.org\/","name":"Alticert.org","description":"Certification d&#039;organisme de formation","publisher":{"@id":"https:\/\/alticert.org\/#organization"},"potentialAction":[{"@type":"SearchAction","target":{"@type":"EntryPoint","urlTemplate":"https:\/\/alticert.org\/?s={search_term_string}"},"query-input":{"@type":"PropertyValueSpecification","valueRequired":true,"valueName":"search_term_string"}}],"inLanguage":"fr-FR"},{"@type":"Organization","@id":"https:\/\/alticert.org\/#organization","name":"Alticert","url":"https:\/\/alticert.org\/","logo":{"@type":"ImageObject","inLanguage":"fr-FR","@id":"https:\/\/alticert.org\/#\/schema\/logo\/image\/","url":"https:\/\/alticert.org\/wp-content\/uploads\/2021\/03\/cropped-Logo_Alticert_icone-3.jpg","contentUrl":"https:\/\/alticert.org\/wp-content\/uploads\/2021\/03\/cropped-Logo_Alticert_icone-3.jpg","width":512,"height":512,"caption":"Alticert"},"image":{"@id":"https:\/\/alticert.org\/#\/schema\/logo\/image\/"}}]}},"_links":{"self":[{"href":"https:\/\/alticert.org\/index.php\/wp-json\/wp\/v2\/pages\/28","targetHints":{"allow":["GET"]}}],"collection":[{"href":"https:\/\/alticert.org\/index.php\/wp-json\/wp\/v2\/pages"}],"about":[{"href":"https:\/\/alticert.org\/index.php\/wp-json\/wp\/v2\/types\/page"}],"author":[{"embeddable":true,"href":"https:\/\/alticert.org\/index.php\/wp-json\/wp\/v2\/users\/2"}],"replies":[{"embeddable":true,"href":"https:\/\/alticert.org\/index.php\/wp-json\/wp\/v2\/comments?post=28"}],"version-history":[{"count":58,"href":"https:\/\/alticert.org\/index.php\/wp-json\/wp\/v2\/pages\/28\/revisions"}],"predecessor-version":[{"id":1051,"href":"https:\/\/alticert.org\/index.php\/wp-json\/wp\/v2\/pages\/28\/revisions\/1051"}],"wp:attachment":[{"href":"https:\/\/alticert.org\/index.php\/wp-json\/wp\/v2\/media?parent=28"}],"curies":[{"name":"wp","href":"https:\/\/api.w.org\/{rel}","templated":true}]}}