{"id":278,"date":"2021-03-08T18:56:36","date_gmt":"2021-03-08T17:56:36","guid":{"rendered":"https:\/\/alticert.org\/?page_id=278"},"modified":"2023-02-15T13:41:46","modified_gmt":"2023-02-15T12:41:46","slug":"pourquoi-nous","status":"publish","type":"page","link":"https:\/\/alticert.org\/index.php\/certification-qualiopi\/pourquoi-nous\/","title":{"rendered":"Pourquoi nous ?"},"content":{"rendered":"\t\t<div data-elementor-type=\"wp-page\" data-elementor-id=\"278\" class=\"elementor elementor-278\">\n\t\t\t\t\t\t<section class=\"elementor-section elementor-top-section elementor-element elementor-element-5fecbee elementor-section-boxed elementor-section-height-default elementor-section-height-default elementor-invisible\" data-id=\"5fecbee\" data-element_type=\"section\" data-e-type=\"section\" data-settings=\"{&quot;background_background&quot;:&quot;classic&quot;,&quot;animation&quot;:&quot;fadeInDown&quot;}\">\n\t\t\t\t\t\t\t<div class=\"elementor-background-overlay\"><\/div>\n\t\t\t\t\t\t\t<div class=\"elementor-container elementor-column-gap-default\">\n\t\t\t\t\t<div class=\"elementor-column elementor-col-100 elementor-top-column elementor-element elementor-element-8d39b70\" data-id=\"8d39b70\" data-element_type=\"column\" data-e-type=\"column\">\n\t\t\t<div class=\"elementor-widget-wrap elementor-element-populated\">\n\t\t\t\t\t\t<div class=\"elementor-element elementor-element-5703d3b elementor-widget elementor-widget-spacer\" data-id=\"5703d3b\" data-element_type=\"widget\" data-e-type=\"widget\" data-widget_type=\"spacer.default\">\n\t\t\t\t<div class=\"elementor-widget-container\">\n\t\t\t\t\t\t\t<div class=\"elementor-spacer\">\n\t\t\t<div class=\"elementor-spacer-inner\"><\/div>\n\t\t<\/div>\n\t\t\t\t\t\t<\/div>\n\t\t\t\t<\/div>\n\t\t\t\t<div class=\"elementor-element elementor-element-1ae9079 elementor-invisible elementor-widget elementor-widget-text-editor\" data-id=\"1ae9079\" data-element_type=\"widget\" data-e-type=\"widget\" data-settings=\"{&quot;_animation&quot;:&quot;fadeIn&quot;}\" data-widget_type=\"text-editor.default\">\n\t\t\t\t<div class=\"elementor-widget-container\">\n\t\t\t\t\t\t\t\t\t<h3 style=\"letter-spacing: normal; font-family: Alata, var(--nv-fallback-ff); color: #000000;\">Notre cr\u00e9do : une approche simple et optimis\u00e9e.<\/h3><div style=\"color: #000000; font-family: Helvetica, sans-serif; font-size: 20px;\">\u00a0<\/div><h4 style=\"letter-spacing: normal; font-family: Alata, var(--nv-fallback-ff); color: #000000;\">Quelques mots cl\u00e9s : Simplicit\u00e9, Adaptation, Transparence, Proximit\u00e9.<\/h4><div style=\"color: #000000; font-family: Helvetica, sans-serif; font-size: 20px;\">\u00a0<\/div><ul style=\"color: #000000; font-family: Helvetica, sans-serif; font-size: 20px;\"><li style=\"margin-top: 10px;\">Un processus de certification clair, bas\u00e9 sur un workflow et des outils informatis\u00e9s.<\/li><\/ul><ul style=\"color: #000000; font-family: Helvetica, sans-serif; font-size: 20px;\"><li style=\"margin-top: 10px;\">Une proximit\u00e9 des auditeurs.<\/li><\/ul><ul style=\"color: #000000; font-family: Helvetica, sans-serif; font-size: 20px;\"><li style=\"margin-top: 10px;\">Un acc\u00e8s direct \u00e0 votre dossier pour en conna\u00eetre le suivi.<\/li><\/ul><ul style=\"color: #000000; font-family: Helvetica, sans-serif; font-size: 20px;\"><li style=\"margin-top: 10px;\">Une r\u00e9activit\u00e9 \u00e0 toutes les \u00e9tapes du processus, pour une d\u00e9cision finale dans les 15 jours max. apr\u00e8s validation du plan d\u2019actions.<\/li><\/ul><ul style=\"color: #000000; font-family: Helvetica, sans-serif; font-size: 20px;\"><li style=\"margin-top: 10px;\">Des intervenants connaissant le monde de la formation professionnelle par des ann\u00e9es de pratique.<\/li><\/ul>\t\t\t\t\t\t\t\t<\/div>\n\t\t\t\t<\/div>\n\t\t\t\t<div class=\"elementor-element elementor-element-92c8f1f elementor-widget elementor-widget-spacer\" data-id=\"92c8f1f\" data-element_type=\"widget\" data-e-type=\"widget\" data-widget_type=\"spacer.default\">\n\t\t\t\t<div class=\"elementor-widget-container\">\n\t\t\t\t\t\t\t<div class=\"elementor-spacer\">\n\t\t\t<div class=\"elementor-spacer-inner\"><\/div>\n\t\t<\/div>\n\t\t\t\t\t\t<\/div>\n\t\t\t\t<\/div>\n\t\t\t\t\t<\/div>\n\t\t<\/div>\n\t\t\t\t\t<\/div>\n\t\t<\/section>\n\t\t\t\t<\/div>\n\t\t","protected":false},"excerpt":{"rendered":"<p>Notre cr\u00e9do : une approche simple et optimis\u00e9e. Quelques mots cl\u00e9s : Simplicit\u00e9, Adaptation, Transparence, Proximit\u00e9. Un processus de certification clair, bas\u00e9 sur un workflow et des outils informatis\u00e9s. Une proximit\u00e9 des auditeurs. Un acc\u00e8s direct \u00e0 votre dossier pour en conna\u00eetre le suivi. Une r\u00e9activit\u00e9 \u00e0 toutes les \u00e9tapes du processus, pour une d\u00e9cision&hellip;&nbsp;<a href=\"https:\/\/alticert.org\/index.php\/certification-qualiopi\/pourquoi-nous\/\" rel=\"bookmark\">Lire la suite &raquo;<span class=\"screen-reader-text\">Pourquoi nous ?<\/span><\/a><\/p>\n","protected":false},"author":2,"featured_media":0,"parent":30,"menu_order":0,"comment_status":"closed","ping_status":"closed","template":"page-templates\/template-pagebuilder-full-width.php","meta":{"neve_meta_sidebar":"full-width","neve_meta_container":"","neve_meta_enable_content_width":"on","neve_meta_content_width":100,"neve_meta_title_alignment":"","neve_meta_author_avatar":"","neve_post_elements_order":"","neve_meta_disable_header":"","neve_meta_disable_footer":"","neve_meta_disable_title":"","footnotes":""},"class_list":["post-278","page","type-page","status-publish","hentry"],"yoast_head":"<!-- This site is optimized with the Yoast SEO plugin v27.3 - https:\/\/yoast.com\/product\/yoast-seo-wordpress\/ -->\n<title>Pourquoi nous ? - Alticert - Certification d\u2019organismes de formation<\/title>\n<meta name=\"description\" content=\"Notre cr\u00e9do : une approche simple et optimis\u00e9e. Quelques mots cl\u00e9s : Simplicit\u00e9, Adaptation, Transparence, Proximit\u00e9.\" \/>\n<meta name=\"robots\" content=\"index, follow, max-snippet:-1, max-image-preview:large, max-video-preview:-1\" \/>\n<link rel=\"canonical\" href=\"https:\/\/alticert.org\/index.php\/certification-qualiopi\/pourquoi-nous\/\" \/>\n<meta property=\"og:locale\" content=\"fr_FR\" \/>\n<meta property=\"og:type\" content=\"article\" \/>\n<meta property=\"og:title\" content=\"Pourquoi nous ? - Alticert - Certification d\u2019organismes de formation\" \/>\n<meta property=\"og:description\" content=\"Notre cr\u00e9do : une approche simple et optimis\u00e9e. Quelques mots cl\u00e9s : Simplicit\u00e9, Adaptation, Transparence, Proximit\u00e9.\" \/>\n<meta property=\"og:url\" content=\"https:\/\/alticert.org\/index.php\/certification-qualiopi\/pourquoi-nous\/\" \/>\n<meta property=\"article:modified_time\" content=\"2023-02-15T12:41:46+00:00\" \/>\n<meta name=\"twitter:card\" content=\"summary_large_image\" \/>\n<meta name=\"twitter:label1\" content=\"Dur\u00e9e de lecture estim\u00e9e\" \/>\n\t<meta name=\"twitter:data1\" content=\"1 minute\" \/>\n<script type=\"application\/ld+json\" class=\"yoast-schema-graph\">{\"@context\":\"https:\\\/\\\/schema.org\",\"@graph\":[{\"@type\":\"WebPage\",\"@id\":\"https:\\\/\\\/alticert.org\\\/index.php\\\/certification-qualiopi\\\/pourquoi-nous\\\/\",\"url\":\"https:\\\/\\\/alticert.org\\\/index.php\\\/certification-qualiopi\\\/pourquoi-nous\\\/\",\"name\":\"Pourquoi nous ? - Alticert - Certification d\u2019organismes de formation\",\"isPartOf\":{\"@id\":\"https:\\\/\\\/alticert.org\\\/#website\"},\"datePublished\":\"2021-03-08T17:56:36+00:00\",\"dateModified\":\"2023-02-15T12:41:46+00:00\",\"description\":\"Notre cr\u00e9do : une approche simple et optimis\u00e9e. Quelques mots cl\u00e9s : Simplicit\u00e9, Adaptation, Transparence, Proximit\u00e9.\",\"breadcrumb\":{\"@id\":\"https:\\\/\\\/alticert.org\\\/index.php\\\/certification-qualiopi\\\/pourquoi-nous\\\/#breadcrumb\"},\"inLanguage\":\"fr-FR\",\"potentialAction\":[{\"@type\":\"ReadAction\",\"target\":[\"https:\\\/\\\/alticert.org\\\/index.php\\\/certification-qualiopi\\\/pourquoi-nous\\\/\"]}]},{\"@type\":\"BreadcrumbList\",\"@id\":\"https:\\\/\\\/alticert.org\\\/index.php\\\/certification-qualiopi\\\/pourquoi-nous\\\/#breadcrumb\",\"itemListElement\":[{\"@type\":\"ListItem\",\"position\":1,\"name\":\"Accueil\",\"item\":\"https:\\\/\\\/alticert.org\\\/\"},{\"@type\":\"ListItem\",\"position\":2,\"name\":\"Certification Qualiopi\",\"item\":\"https:\\\/\\\/alticert.org\\\/index.php\\\/certification-qualiopi\\\/\"},{\"@type\":\"ListItem\",\"position\":3,\"name\":\"Pourquoi nous ?\"}]},{\"@type\":\"WebSite\",\"@id\":\"https:\\\/\\\/alticert.org\\\/#website\",\"url\":\"https:\\\/\\\/alticert.org\\\/\",\"name\":\"Alticert.org\",\"description\":\"Certification d&#039;organisme de formation\",\"publisher\":{\"@id\":\"https:\\\/\\\/alticert.org\\\/#organization\"},\"potentialAction\":[{\"@type\":\"SearchAction\",\"target\":{\"@type\":\"EntryPoint\",\"urlTemplate\":\"https:\\\/\\\/alticert.org\\\/?s={search_term_string}\"},\"query-input\":{\"@type\":\"PropertyValueSpecification\",\"valueRequired\":true,\"valueName\":\"search_term_string\"}}],\"inLanguage\":\"fr-FR\"},{\"@type\":\"Organization\",\"@id\":\"https:\\\/\\\/alticert.org\\\/#organization\",\"name\":\"Alticert\",\"url\":\"https:\\\/\\\/alticert.org\\\/\",\"logo\":{\"@type\":\"ImageObject\",\"inLanguage\":\"fr-FR\",\"@id\":\"https:\\\/\\\/alticert.org\\\/#\\\/schema\\\/logo\\\/image\\\/\",\"url\":\"https:\\\/\\\/alticert.org\\\/wp-content\\\/uploads\\\/2021\\\/03\\\/cropped-Logo_Alticert_icone-3.jpg\",\"contentUrl\":\"https:\\\/\\\/alticert.org\\\/wp-content\\\/uploads\\\/2021\\\/03\\\/cropped-Logo_Alticert_icone-3.jpg\",\"width\":512,\"height\":512,\"caption\":\"Alticert\"},\"image\":{\"@id\":\"https:\\\/\\\/alticert.org\\\/#\\\/schema\\\/logo\\\/image\\\/\"}}]}<\/script>\n<!-- \/ Yoast SEO plugin. -->","yoast_head_json":{"title":"Pourquoi nous ? - Alticert - Certification d\u2019organismes de formation","description":"Notre cr\u00e9do : une approche simple et optimis\u00e9e. Quelques mots cl\u00e9s : Simplicit\u00e9, Adaptation, Transparence, Proximit\u00e9.","robots":{"index":"index","follow":"follow","max-snippet":"max-snippet:-1","max-image-preview":"max-image-preview:large","max-video-preview":"max-video-preview:-1"},"canonical":"https:\/\/alticert.org\/index.php\/certification-qualiopi\/pourquoi-nous\/","og_locale":"fr_FR","og_type":"article","og_title":"Pourquoi nous ? - Alticert - Certification d\u2019organismes de formation","og_description":"Notre cr\u00e9do : une approche simple et optimis\u00e9e. Quelques mots cl\u00e9s : Simplicit\u00e9, Adaptation, Transparence, Proximit\u00e9.","og_url":"https:\/\/alticert.org\/index.php\/certification-qualiopi\/pourquoi-nous\/","article_modified_time":"2023-02-15T12:41:46+00:00","twitter_card":"summary_large_image","twitter_misc":{"Dur\u00e9e de lecture estim\u00e9e":"1 minute"},"schema":{"@context":"https:\/\/schema.org","@graph":[{"@type":"WebPage","@id":"https:\/\/alticert.org\/index.php\/certification-qualiopi\/pourquoi-nous\/","url":"https:\/\/alticert.org\/index.php\/certification-qualiopi\/pourquoi-nous\/","name":"Pourquoi nous ? - Alticert - Certification d\u2019organismes de formation","isPartOf":{"@id":"https:\/\/alticert.org\/#website"},"datePublished":"2021-03-08T17:56:36+00:00","dateModified":"2023-02-15T12:41:46+00:00","description":"Notre cr\u00e9do : une approche simple et optimis\u00e9e. Quelques mots cl\u00e9s : Simplicit\u00e9, Adaptation, Transparence, Proximit\u00e9.","breadcrumb":{"@id":"https:\/\/alticert.org\/index.php\/certification-qualiopi\/pourquoi-nous\/#breadcrumb"},"inLanguage":"fr-FR","potentialAction":[{"@type":"ReadAction","target":["https:\/\/alticert.org\/index.php\/certification-qualiopi\/pourquoi-nous\/"]}]},{"@type":"BreadcrumbList","@id":"https:\/\/alticert.org\/index.php\/certification-qualiopi\/pourquoi-nous\/#breadcrumb","itemListElement":[{"@type":"ListItem","position":1,"name":"Accueil","item":"https:\/\/alticert.org\/"},{"@type":"ListItem","position":2,"name":"Certification Qualiopi","item":"https:\/\/alticert.org\/index.php\/certification-qualiopi\/"},{"@type":"ListItem","position":3,"name":"Pourquoi nous ?"}]},{"@type":"WebSite","@id":"https:\/\/alticert.org\/#website","url":"https:\/\/alticert.org\/","name":"Alticert.org","description":"Certification d&#039;organisme de formation","publisher":{"@id":"https:\/\/alticert.org\/#organization"},"potentialAction":[{"@type":"SearchAction","target":{"@type":"EntryPoint","urlTemplate":"https:\/\/alticert.org\/?s={search_term_string}"},"query-input":{"@type":"PropertyValueSpecification","valueRequired":true,"valueName":"search_term_string"}}],"inLanguage":"fr-FR"},{"@type":"Organization","@id":"https:\/\/alticert.org\/#organization","name":"Alticert","url":"https:\/\/alticert.org\/","logo":{"@type":"ImageObject","inLanguage":"fr-FR","@id":"https:\/\/alticert.org\/#\/schema\/logo\/image\/","url":"https:\/\/alticert.org\/wp-content\/uploads\/2021\/03\/cropped-Logo_Alticert_icone-3.jpg","contentUrl":"https:\/\/alticert.org\/wp-content\/uploads\/2021\/03\/cropped-Logo_Alticert_icone-3.jpg","width":512,"height":512,"caption":"Alticert"},"image":{"@id":"https:\/\/alticert.org\/#\/schema\/logo\/image\/"}}]}},"_links":{"self":[{"href":"https:\/\/alticert.org\/index.php\/wp-json\/wp\/v2\/pages\/278","targetHints":{"allow":["GET"]}}],"collection":[{"href":"https:\/\/alticert.org\/index.php\/wp-json\/wp\/v2\/pages"}],"about":[{"href":"https:\/\/alticert.org\/index.php\/wp-json\/wp\/v2\/types\/page"}],"author":[{"embeddable":true,"href":"https:\/\/alticert.org\/index.php\/wp-json\/wp\/v2\/users\/2"}],"replies":[{"embeddable":true,"href":"https:\/\/alticert.org\/index.php\/wp-json\/wp\/v2\/comments?post=278"}],"version-history":[{"count":21,"href":"https:\/\/alticert.org\/index.php\/wp-json\/wp\/v2\/pages\/278\/revisions"}],"predecessor-version":[{"id":513,"href":"https:\/\/alticert.org\/index.php\/wp-json\/wp\/v2\/pages\/278\/revisions\/513"}],"up":[{"embeddable":true,"href":"https:\/\/alticert.org\/index.php\/wp-json\/wp\/v2\/pages\/30"}],"wp:attachment":[{"href":"https:\/\/alticert.org\/index.php\/wp-json\/wp\/v2\/media?parent=278"}],"curies":[{"name":"wp","href":"https:\/\/api.w.org\/{rel}","templated":true}]}}