{"id":143,"date":"2021-03-05T21:21:44","date_gmt":"2021-03-05T20:21:44","guid":{"rendered":"https:\/\/alticert.org\/?page_id=143"},"modified":"2022-08-12T18:59:09","modified_gmt":"2022-08-12T16:59:09","slug":"mentions-legales","status":"publish","type":"page","link":"https:\/\/alticert.org\/index.php\/mentions-legales\/","title":{"rendered":"Mentions L\u00e9gales"},"content":{"rendered":"\t\t<div data-elementor-type=\"wp-page\" data-elementor-id=\"143\" class=\"elementor elementor-143\">\n\t\t\t\t\t\t<section class=\"elementor-section elementor-top-section elementor-element elementor-element-9a23ab0 elementor-section-boxed elementor-section-height-default elementor-section-height-default\" data-id=\"9a23ab0\" data-element_type=\"section\" data-e-type=\"section\">\n\t\t\t\t\t\t<div class=\"elementor-container elementor-column-gap-default\">\n\t\t\t\t\t<div class=\"elementor-column elementor-col-100 elementor-top-column elementor-element elementor-element-d9c200a\" data-id=\"d9c200a\" data-element_type=\"column\" data-e-type=\"column\">\n\t\t\t<div class=\"elementor-widget-wrap elementor-element-populated\">\n\t\t\t\t\t\t<div class=\"elementor-element elementor-element-becc81f elementor-widget elementor-widget-text-editor\" data-id=\"becc81f\" data-element_type=\"widget\" data-e-type=\"widget\" data-widget_type=\"text-editor.default\">\n\t\t\t\t<div class=\"elementor-widget-container\">\n\t\t\t\t\t\t\t\t\t<h2>Editeur du site :<\/h2>\n<p><strong>Alticert, repr\u00e9sent\u00e9e par Jean-Fran\u00e7ois ROUSSEAU<\/strong><br>Si\u00e8ge Social : 6 Boulevard des Belges \u2013 69006 LYON \u2013 France<br>\nT\u00e9l\u00e9phone : +33 (0)6 80 01 72 61<br>Mail :&nbsp;<span style=\"background-color: var(--nv-site-bg);\">&nbsp;jean-francois.rousseau@alticert.org<\/span><br>RCS de LYON sous le num\u00e9ro 883 279 440<\/p>\n<h2><b>Directeur de publication<\/b> :<\/h2>\n<p><strong>Marc GEHLKOPF, Associ\u00e9<\/strong><br>T\u00e9l\u00e9phone : +33 (0)6 75 51 06 87<br>Mail : marc.gehlkopf@alticert.org<\/p>\n<h2><b style=\"background-color: var(--nv-site-bg);\">H\u00e9bergement du Site<\/b><span style=\"background-color: var(--nv-site-bg);\"> :<\/span><\/h2>\n<p><strong>OVH SAS<\/strong><br>\nSi\u00e8ge Social : 2 rue Kellermann \u2013 59100 ROUBAIX \u2013 France<br>RCS de Lille M\u00e9tropole n\u00b0 B424 761 419<\/p>\n<div><\/div>\t\t\t\t\t\t\t\t<\/div>\n\t\t\t\t<\/div>\n\t\t\t\t\t<\/div>\n\t\t<\/div>\n\t\t\t\t\t<\/div>\n\t\t<\/section>\n\t\t\t\t<\/div>\n\t\t","protected":false},"excerpt":{"rendered":"<p>Editeur du site : Alticert, repr\u00e9sent\u00e9e par Jean-Fran\u00e7ois ROUSSEAUSi\u00e8ge Social : 6 Boulevard des Belges \u2013 69006 LYON \u2013 France T\u00e9l\u00e9phone : +33 (0)6 80 01 72 61Mail :&nbsp;&nbsp;jean-francois.rousseau@alticert.orgRCS de LYON sous le num\u00e9ro 883 279 440 Directeur de publication : Marc GEHLKOPF, Associ\u00e9T\u00e9l\u00e9phone : +33 (0)6 75 51 06 87Mail : marc.gehlkopf@alticert.org H\u00e9bergement du&hellip;&nbsp;<a href=\"https:\/\/alticert.org\/index.php\/mentions-legales\/\" rel=\"bookmark\">Lire la suite &raquo;<span class=\"screen-reader-text\">Mentions L\u00e9gales<\/span><\/a><\/p>\n","protected":false},"author":2,"featured_media":0,"parent":0,"menu_order":0,"comment_status":"closed","ping_status":"closed","template":"","meta":{"neve_meta_sidebar":"","neve_meta_container":"","neve_meta_enable_content_width":"","neve_meta_content_width":0,"neve_meta_title_alignment":"","neve_meta_author_avatar":"","neve_post_elements_order":"","neve_meta_disable_header":"","neve_meta_disable_footer":"","neve_meta_disable_title":"","footnotes":""},"class_list":["post-143","page","type-page","status-publish","hentry"],"yoast_head":"<!-- This site is optimized with the Yoast SEO plugin v27.3 - https:\/\/yoast.com\/product\/yoast-seo-wordpress\/ -->\n<title>Mentions L\u00e9gales -<\/title>\n<meta name=\"robots\" content=\"index, follow, max-snippet:-1, max-image-preview:large, max-video-preview:-1\" \/>\n<link rel=\"canonical\" href=\"https:\/\/alticert.org\/index.php\/mentions-legales\/\" \/>\n<meta property=\"og:locale\" content=\"fr_FR\" \/>\n<meta property=\"og:type\" content=\"article\" \/>\n<meta property=\"og:title\" content=\"Mentions L\u00e9gales -\" \/>\n<meta property=\"og:description\" content=\"Editeur du site : Alticert, repr\u00e9sent\u00e9e par Jean-Fran\u00e7ois ROUSSEAUSi\u00e8ge Social : 6 Boulevard des Belges \u2013 69006 LYON \u2013 France T\u00e9l\u00e9phone : +33 (0)6 80 01 72 61Mail :&nbsp;&nbsp;jean-francois.rousseau@alticert.orgRCS de LYON sous le num\u00e9ro 883 279 440 Directeur de publication : Marc GEHLKOPF, Associ\u00e9T\u00e9l\u00e9phone : +33 (0)6 75 51 06 87Mail : marc.gehlkopf@alticert.org H\u00e9bergement du&hellip;&nbsp;Lire la suite &raquo;Mentions L\u00e9gales\" \/>\n<meta property=\"og:url\" content=\"https:\/\/alticert.org\/index.php\/mentions-legales\/\" \/>\n<meta property=\"article:modified_time\" content=\"2022-08-12T16:59:09+00:00\" \/>\n<meta name=\"twitter:card\" content=\"summary_large_image\" \/>\n<meta name=\"twitter:label1\" content=\"Dur\u00e9e de lecture estim\u00e9e\" \/>\n\t<meta name=\"twitter:data1\" content=\"1 minute\" \/>\n<script type=\"application\/ld+json\" class=\"yoast-schema-graph\">{\"@context\":\"https:\\\/\\\/schema.org\",\"@graph\":[{\"@type\":\"WebPage\",\"@id\":\"https:\\\/\\\/alticert.org\\\/index.php\\\/mentions-legales\\\/\",\"url\":\"https:\\\/\\\/alticert.org\\\/index.php\\\/mentions-legales\\\/\",\"name\":\"Mentions L\u00e9gales -\",\"isPartOf\":{\"@id\":\"https:\\\/\\\/alticert.org\\\/#website\"},\"datePublished\":\"2021-03-05T20:21:44+00:00\",\"dateModified\":\"2022-08-12T16:59:09+00:00\",\"breadcrumb\":{\"@id\":\"https:\\\/\\\/alticert.org\\\/index.php\\\/mentions-legales\\\/#breadcrumb\"},\"inLanguage\":\"fr-FR\",\"potentialAction\":[{\"@type\":\"ReadAction\",\"target\":[\"https:\\\/\\\/alticert.org\\\/index.php\\\/mentions-legales\\\/\"]}]},{\"@type\":\"BreadcrumbList\",\"@id\":\"https:\\\/\\\/alticert.org\\\/index.php\\\/mentions-legales\\\/#breadcrumb\",\"itemListElement\":[{\"@type\":\"ListItem\",\"position\":1,\"name\":\"Accueil\",\"item\":\"https:\\\/\\\/alticert.org\\\/\"},{\"@type\":\"ListItem\",\"position\":2,\"name\":\"Mentions L\u00e9gales\"}]},{\"@type\":\"WebSite\",\"@id\":\"https:\\\/\\\/alticert.org\\\/#website\",\"url\":\"https:\\\/\\\/alticert.org\\\/\",\"name\":\"Alticert.org\",\"description\":\"Certification d&#039;organisme de formation\",\"publisher\":{\"@id\":\"https:\\\/\\\/alticert.org\\\/#organization\"},\"potentialAction\":[{\"@type\":\"SearchAction\",\"target\":{\"@type\":\"EntryPoint\",\"urlTemplate\":\"https:\\\/\\\/alticert.org\\\/?s={search_term_string}\"},\"query-input\":{\"@type\":\"PropertyValueSpecification\",\"valueRequired\":true,\"valueName\":\"search_term_string\"}}],\"inLanguage\":\"fr-FR\"},{\"@type\":\"Organization\",\"@id\":\"https:\\\/\\\/alticert.org\\\/#organization\",\"name\":\"Alticert\",\"url\":\"https:\\\/\\\/alticert.org\\\/\",\"logo\":{\"@type\":\"ImageObject\",\"inLanguage\":\"fr-FR\",\"@id\":\"https:\\\/\\\/alticert.org\\\/#\\\/schema\\\/logo\\\/image\\\/\",\"url\":\"https:\\\/\\\/alticert.org\\\/wp-content\\\/uploads\\\/2021\\\/03\\\/cropped-Logo_Alticert_icone-3.jpg\",\"contentUrl\":\"https:\\\/\\\/alticert.org\\\/wp-content\\\/uploads\\\/2021\\\/03\\\/cropped-Logo_Alticert_icone-3.jpg\",\"width\":512,\"height\":512,\"caption\":\"Alticert\"},\"image\":{\"@id\":\"https:\\\/\\\/alticert.org\\\/#\\\/schema\\\/logo\\\/image\\\/\"}}]}<\/script>\n<!-- \/ Yoast SEO plugin. -->","yoast_head_json":{"title":"Mentions L\u00e9gales -","robots":{"index":"index","follow":"follow","max-snippet":"max-snippet:-1","max-image-preview":"max-image-preview:large","max-video-preview":"max-video-preview:-1"},"canonical":"https:\/\/alticert.org\/index.php\/mentions-legales\/","og_locale":"fr_FR","og_type":"article","og_title":"Mentions L\u00e9gales -","og_description":"Editeur du site : Alticert, repr\u00e9sent\u00e9e par Jean-Fran\u00e7ois ROUSSEAUSi\u00e8ge Social : 6 Boulevard des Belges \u2013 69006 LYON \u2013 France T\u00e9l\u00e9phone : +33 (0)6 80 01 72 61Mail :&nbsp;&nbsp;jean-francois.rousseau@alticert.orgRCS de LYON sous le num\u00e9ro 883 279 440 Directeur de publication : Marc GEHLKOPF, Associ\u00e9T\u00e9l\u00e9phone : +33 (0)6 75 51 06 87Mail : marc.gehlkopf@alticert.org H\u00e9bergement du&hellip;&nbsp;Lire la suite &raquo;Mentions L\u00e9gales","og_url":"https:\/\/alticert.org\/index.php\/mentions-legales\/","article_modified_time":"2022-08-12T16:59:09+00:00","twitter_card":"summary_large_image","twitter_misc":{"Dur\u00e9e de lecture estim\u00e9e":"1 minute"},"schema":{"@context":"https:\/\/schema.org","@graph":[{"@type":"WebPage","@id":"https:\/\/alticert.org\/index.php\/mentions-legales\/","url":"https:\/\/alticert.org\/index.php\/mentions-legales\/","name":"Mentions L\u00e9gales -","isPartOf":{"@id":"https:\/\/alticert.org\/#website"},"datePublished":"2021-03-05T20:21:44+00:00","dateModified":"2022-08-12T16:59:09+00:00","breadcrumb":{"@id":"https:\/\/alticert.org\/index.php\/mentions-legales\/#breadcrumb"},"inLanguage":"fr-FR","potentialAction":[{"@type":"ReadAction","target":["https:\/\/alticert.org\/index.php\/mentions-legales\/"]}]},{"@type":"BreadcrumbList","@id":"https:\/\/alticert.org\/index.php\/mentions-legales\/#breadcrumb","itemListElement":[{"@type":"ListItem","position":1,"name":"Accueil","item":"https:\/\/alticert.org\/"},{"@type":"ListItem","position":2,"name":"Mentions L\u00e9gales"}]},{"@type":"WebSite","@id":"https:\/\/alticert.org\/#website","url":"https:\/\/alticert.org\/","name":"Alticert.org","description":"Certification d&#039;organisme de formation","publisher":{"@id":"https:\/\/alticert.org\/#organization"},"potentialAction":[{"@type":"SearchAction","target":{"@type":"EntryPoint","urlTemplate":"https:\/\/alticert.org\/?s={search_term_string}"},"query-input":{"@type":"PropertyValueSpecification","valueRequired":true,"valueName":"search_term_string"}}],"inLanguage":"fr-FR"},{"@type":"Organization","@id":"https:\/\/alticert.org\/#organization","name":"Alticert","url":"https:\/\/alticert.org\/","logo":{"@type":"ImageObject","inLanguage":"fr-FR","@id":"https:\/\/alticert.org\/#\/schema\/logo\/image\/","url":"https:\/\/alticert.org\/wp-content\/uploads\/2021\/03\/cropped-Logo_Alticert_icone-3.jpg","contentUrl":"https:\/\/alticert.org\/wp-content\/uploads\/2021\/03\/cropped-Logo_Alticert_icone-3.jpg","width":512,"height":512,"caption":"Alticert"},"image":{"@id":"https:\/\/alticert.org\/#\/schema\/logo\/image\/"}}]}},"_links":{"self":[{"href":"https:\/\/alticert.org\/index.php\/wp-json\/wp\/v2\/pages\/143","targetHints":{"allow":["GET"]}}],"collection":[{"href":"https:\/\/alticert.org\/index.php\/wp-json\/wp\/v2\/pages"}],"about":[{"href":"https:\/\/alticert.org\/index.php\/wp-json\/wp\/v2\/types\/page"}],"author":[{"embeddable":true,"href":"https:\/\/alticert.org\/index.php\/wp-json\/wp\/v2\/users\/2"}],"replies":[{"embeddable":true,"href":"https:\/\/alticert.org\/index.php\/wp-json\/wp\/v2\/comments?post=143"}],"version-history":[{"count":16,"href":"https:\/\/alticert.org\/index.php\/wp-json\/wp\/v2\/pages\/143\/revisions"}],"predecessor-version":[{"id":736,"href":"https:\/\/alticert.org\/index.php\/wp-json\/wp\/v2\/pages\/143\/revisions\/736"}],"wp:attachment":[{"href":"https:\/\/alticert.org\/index.php\/wp-json\/wp\/v2\/media?parent=143"}],"curies":[{"name":"wp","href":"https:\/\/api.w.org\/{rel}","templated":true}]}}